{"id":4121,"date":"2017-10-27T09:02:34","date_gmt":"2017-10-27T09:02:34","guid":{"rendered":"https:\/\/kajakklubzlatorog.com\/trenerji\/"},"modified":"2025-04-18T11:31:26","modified_gmt":"2025-04-18T11:31:26","slug":"trenerji","status":"publish","type":"page","link":"https:\/\/kajakklubzlatorog.com\/sl\/o-nas\/trenerji\/","title":{"rendered":"Trenerji"},"content":{"rendered":"<p><section id=\"bt_bb_section69ea4596827c4\" class=\"bt_bb_section bt_bb_color_scheme_2 bt_bb_layout_boxed_1200 bt_bb_vertical_align_top bt_bb_top_spacing_medium bt_bb_bottom_spacing_medium\" style=\"; --section-primary-color:#191919; --section-secondary-color:#ffffff;\" data-bt-override-class=\"{&quot;bt_bb_top_spacing_&quot;:{&quot;current_class&quot;:&quot;bt_bb_top_spacing_medium&quot;,&quot;def&quot;:&quot;medium&quot;,&quot;xl&quot;:&quot;medium&quot;},&quot;bt_bb_bottom_spacing_&quot;:{&quot;current_class&quot;:&quot;bt_bb_bottom_spacing_medium&quot;,&quot;def&quot;:&quot;medium&quot;,&quot;xl&quot;:&quot;medium&quot;}}\"><div class=\"bt_bb_port\"><div class=\"bt_bb_cell\"><div class=\"bt_bb_cell_inner\"><div class=\"bt_bb_row \"  data-bt-override-class=\"{}\"><div class=\"bt_bb_row_holder\" ><div  class=\"bt_bb_column col-xxl-6 col-xl-6 bt_bb_vertical_align_middle bt_bb_align_center bt_bb_padding_normal\" style=\"; --column-width:6;\" data-width=\"6\" data-bt-override-class=\"{&quot;bt_bb_align_&quot;:{&quot;current_class&quot;:&quot;bt_bb_align_center&quot;,&quot;def&quot;:&quot;center&quot;,&quot;xl&quot;:&quot;center&quot;},&quot;bt_bb_padding_&quot;:{&quot;current_class&quot;:&quot;bt_bb_padding_normal&quot;,&quot;def&quot;:&quot;normal&quot;,&quot;xl&quot;:&quot;normal&quot;}}\"><div class=\"bt_bb_column_content\"><div class=\"bt_bb_column_content_inner\"><div class=\"bt_bb_image bt_bb_shape_soft-rounded bt_bb_target_self bt_bb_align_center bt_bb_hover_style_simple bt_bb_content_display_always bt_bb_content_align_middle\" data-bt-override-class=\"{&quot;bt_bb_align_&quot;:{&quot;current_class&quot;:&quot;bt_bb_align_center&quot;,&quot;def&quot;:&quot;center&quot;,&quot;xl&quot;:&quot;center&quot;}}\"><span><img loading=\"lazy\" decoding=\"async\" width=\"450\" height=\"450\" src=\"https:\/\/kajakklubzlatorog.com\/wp-content\/uploads\/2023\/01\/mel5.jpg\" class=\"attachment-full size-full\" alt=\"https:\/\/kajakklubzlatorog.com\/wp-content\/uploads\/2023\/01\/mel5.jpg\" data-full_image_src=\"https:\/\/kajakklubzlatorog.com\/wp-content\/uploads\/2023\/01\/mel5.jpg\" title=\"mel5\" srcset=\"https:\/\/kajakklubzlatorog.com\/wp-content\/uploads\/2023\/01\/mel5.jpg 450w, https:\/\/kajakklubzlatorog.com\/wp-content\/uploads\/2023\/01\/mel5-300x300.jpg 300w, https:\/\/kajakklubzlatorog.com\/wp-content\/uploads\/2023\/01\/mel5-100x100.jpg 100w, https:\/\/kajakklubzlatorog.com\/wp-content\/uploads\/2023\/01\/mel5-160x160.jpg 160w, https:\/\/kajakklubzlatorog.com\/wp-content\/uploads\/2023\/01\/mel5-320x320.jpg 320w\" sizes=\"auto, (max-width: 450px) 100vw, 450px\" \/><\/span><\/div><\/div><\/div><\/div><div  class=\"bt_bb_column col-xxl-6 col-xl-6 bt_bb_vertical_align_middle bt_bb_align_left bt_bb_padding_normal bt_bb_animation_fade_in animate\" style=\"; --column-width:6;\" data-width=\"6\" data-bt-override-class=\"{}\"><div class=\"bt_bb_column_content\"><div class=\"bt_bb_column_content_inner\"><div class=\"bt_bb_separator bt_bb_border_style_none bt_bb_bottom_spacing_medium\" data-bt-override-class=\"null\"><\/div><header class=\"bt_bb_headline bt_bb_font_weight_light bt_bb_color_scheme_5 bt_bb_dash_none bt_bb_subheadline bt_bb_size_normal bt_bb_align_inherit\" style=\"; --primary-color:#191919; --secondary-color:#50b230;\" data-bt-override-class=\"{&quot;bt_bb_size_&quot;:{&quot;current_class&quot;:&quot;bt_bb_size_normal&quot;,&quot;def&quot;:&quot;normal&quot;,&quot;xl&quot;:&quot;normal&quot;},&quot;bt_bb_align_&quot;:{&quot;current_class&quot;:&quot;bt_bb_align_inherit&quot;,&quot;def&quot;:&quot;inherit&quot;,&quot;xl&quot;:&quot;inherit&quot;}}\"><h2 class=\"bt_bb_headline_tag\"><span class=\"bt_bb_headline_content\"><span><strong>MELANIE<\/strong><br \/><br \/>\nSCHEMBRI WAITE<\/span><\/span><\/h2><div class=\"bt_bb_headline_subheadline\">Vse ekipe<\/div><\/header><div class=\"bt_bb_separator bt_bb_border_style_none bt_bb_bottom_spacing_small\" data-bt-override-class=\"null\"><\/div><div  class=\"bt_bb_text\" ><\/p>\n<p>Malte\u0161ko-avstralski trener Mel se je rodil v dru\u017eini trenerjev in \u0161portnikov elitne ravni in ima pestro \u0161portno zgodovino. Na reprezentan\u010dni ravni je tekmovala v atletiki, krosu, tenisu, hokeju in kriketu, na klubski ravni pa v plavanju, gimnastiki in skvo\u0161u. S kajaka\u0161tvom se je za\u010dela ukvarjati veliko pozneje in je leta 2019 zastopala Malto na svetovnem prvenstvu.<\/p>\n<p>Mel ima ve\u010d kot 25 let izku\u0161enj s pou\u010devanjem telesnega gibanja, pridobivanjem ve\u0161\u010din in zavestno vadbo, zato svojim \u0161portnikom strastno pomaga pri u\u010dinkovitej\u0161em gibanju in pametnej\u0161em treningu. Uporablja model treniranja, osredoto\u010den na \u0161portnika, ki se osredoto\u010da na u\u010denje z vpra\u0161anji, da bi \u0161portnikom pomagala razviti bolj\u0161e zavedanje telesa in jih spodbudila, da postanejo samostojni misleci, ki razumejo in sodelujejo pri tem, kaj, zakaj in kako trenirajo. \u0160portniki, s katerimi dela, so na vseh ravneh \u0161porta dosegli uspehe na stopni\u010dkah.<\/p>\n<p>Poleg tega, da je trenerka KKZ, je tudi glavna trenerka dveh \u010dlanov slovenske seniorske reprezentance v kajaku na divjih vodah in redna predavateljica na \u0161tevilnih konferencah s podro\u010dja \u0161porta in visoke u\u010dinkovitosti. Mel je tudi svetovalec pri mednarodnem svetovalnem podjetju za \u0161portno treniranje Kaiwa Consulting.<\/p>\n<p>\n<\/div><div class=\"bt_bb_separator bt_bb_border_style_none bt_bb_bottom_spacing_normal\" data-bt-override-class=\"null\"><\/div><div class=\"bt_bb_icon bt_bb_color_scheme_6 bt_bb_style_filled bt_bb_size_normal bt_bb_shape_circle bt_bb_target_blank bt_bb_text_empty bt_bb_align_inherit\" style=\"; --primary-color:#ffffff; --secondary-color:#50b230;\" data-bt-override-class=\"{&quot;bt_bb_size_&quot;:{&quot;current_class&quot;:&quot;bt_bb_size_normal&quot;,&quot;def&quot;:&quot;normal&quot;,&quot;xl&quot;:&quot;normal&quot;},&quot;bt_bb_align_&quot;:{&quot;current_class&quot;:&quot;bt_bb_align_inherit&quot;,&quot;def&quot;:&quot;inherit&quot;,&quot;xl&quot;:&quot;inherit&quot;}}\"><a href=\"https:\/\/www.instagram.com\/coachmelsw\/\"  target=\"_blank\"   data-ico-fontawesome=\"&#xf16d;\" class=\"bt_bb_icon_holder\"><\/a><\/div><div class=\"bt_bb_icon bt_bb_color_scheme_6 bt_bb_style_filled bt_bb_size_normal bt_bb_shape_circle bt_bb_target_blank bt_bb_text_empty bt_bb_align_inherit\" style=\"; --primary-color:#ffffff; --secondary-color:#50b230;\" data-bt-override-class=\"{&quot;bt_bb_size_&quot;:{&quot;current_class&quot;:&quot;bt_bb_size_normal&quot;,&quot;def&quot;:&quot;normal&quot;,&quot;xl&quot;:&quot;normal&quot;},&quot;bt_bb_align_&quot;:{&quot;current_class&quot;:&quot;bt_bb_align_inherit&quot;,&quot;def&quot;:&quot;inherit&quot;,&quot;xl&quot;:&quot;inherit&quot;}}\"><a href=\"https:\/\/www.facebook.com\/CoachMelSW\/\"  target=\"_blank\"   data-ico-fontawesome=\"&#xf09a;\" class=\"bt_bb_icon_holder\"><\/a><\/div><div class=\"bt_bb_icon bt_bb_color_scheme_6 bt_bb_style_filled bt_bb_size_normal bt_bb_shape_circle bt_bb_target_blank bt_bb_text_empty bt_bb_align_inherit\" style=\"; --primary-color:#ffffff; --secondary-color:#50b230;\" data-bt-override-class=\"{&quot;bt_bb_size_&quot;:{&quot;current_class&quot;:&quot;bt_bb_size_normal&quot;,&quot;def&quot;:&quot;normal&quot;,&quot;xl&quot;:&quot;normal&quot;},&quot;bt_bb_align_&quot;:{&quot;current_class&quot;:&quot;bt_bb_align_inherit&quot;,&quot;def&quot;:&quot;inherit&quot;,&quot;xl&quot;:&quot;inherit&quot;}}\"><a href=\"https:\/\/www.thekayakhouse.com\/\"  target=\"_blank\"   data-ico-essential=\"&#xe99f;\" class=\"bt_bb_icon_holder\"><\/a><\/div><div class=\"bt_bb_separator bt_bb_border_style_none bt_bb_bottom_spacing_medium\" data-bt-override-class=\"null\"><\/div><\/div><\/div><\/div><\/div><\/div><\/div><!-- cell_inner --><\/div><!-- cell --><\/div><!-- port --><\/section><section id=\"bt_bb_section69ea459682eb2\" class=\"bt_bb_section bt_bb_layout_boxed_1200 bt_bb_vertical_align_top bt_bb_top_spacing_medium bt_bb_bottom_spacing_none bt_bb_hidden_md bt_bb_hidden_lg\"  data-bt-override-class=\"{&quot;bt_bb_top_spacing_&quot;:{&quot;current_class&quot;:&quot;bt_bb_top_spacing_medium&quot;,&quot;def&quot;:&quot;medium&quot;,&quot;xl&quot;:&quot;medium&quot;},&quot;bt_bb_bottom_spacing_&quot;:{&quot;current_class&quot;:&quot;bt_bb_bottom_spacing_none&quot;,&quot;def&quot;:&quot;none&quot;,&quot;xl&quot;:&quot;none&quot;}}\"><div class=\"bt_bb_port\"><div class=\"bt_bb_cell\"><div class=\"bt_bb_cell_inner\"><div class=\"bt_bb_row \"  data-bt-override-class=\"{}\"><div class=\"bt_bb_row_holder\" ><div  class=\"bt_bb_column col-xxl-12 col-xl-12 col-xs-12 col-sm-12 col-md-12 col-lg-12 bt_bb_vertical_align_middle bt_bb_align_center bt_bb_padding_none\" style=\"; --column-width:12;\" data-width=\"12\" data-bt-override-class=\"{&quot;bt_bb_align_&quot;:{&quot;current_class&quot;:&quot;bt_bb_align_center&quot;,&quot;def&quot;:&quot;center&quot;,&quot;xl&quot;:&quot;center&quot;},&quot;bt_bb_padding_&quot;:{&quot;current_class&quot;:&quot;bt_bb_padding_none&quot;,&quot;def&quot;:&quot;none&quot;,&quot;xl&quot;:&quot;none&quot;}}\"><div class=\"bt_bb_column_content\"><div class=\"bt_bb_column_content_inner\"><div class=\"bt_bb_image bt_bb_shape_soft-rounded bt_bb_target_self bt_bb_align_center bt_bb_hover_style_simple bt_bb_content_display_always bt_bb_content_align_middle\" data-bt-override-class=\"{&quot;bt_bb_align_&quot;:{&quot;current_class&quot;:&quot;bt_bb_align_center&quot;,&quot;def&quot;:&quot;center&quot;,&quot;xl&quot;:&quot;center&quot;}}\"><span><img loading=\"lazy\" decoding=\"async\" width=\"450\" height=\"450\" src=\"https:\/\/kajakklubzlatorog.com\/wp-content\/uploads\/2023\/01\/JZR2.jpg\" class=\"attachment-full size-full\" alt=\"https:\/\/kajakklubzlatorog.com\/wp-content\/uploads\/2023\/01\/JZR2.jpg\" data-full_image_src=\"https:\/\/kajakklubzlatorog.com\/wp-content\/uploads\/2023\/01\/JZR2.jpg\" title=\"JZR2\" srcset=\"https:\/\/kajakklubzlatorog.com\/wp-content\/uploads\/2023\/01\/JZR2.jpg 450w, https:\/\/kajakklubzlatorog.com\/wp-content\/uploads\/2023\/01\/JZR2-300x300.jpg 300w, https:\/\/kajakklubzlatorog.com\/wp-content\/uploads\/2023\/01\/JZR2-100x100.jpg 100w, https:\/\/kajakklubzlatorog.com\/wp-content\/uploads\/2023\/01\/JZR2-160x160.jpg 160w, https:\/\/kajakklubzlatorog.com\/wp-content\/uploads\/2023\/01\/JZR2-320x320.jpg 320w\" sizes=\"auto, (max-width: 450px) 100vw, 450px\" \/><\/span><\/div><\/div><\/div><\/div><\/div><\/div><\/div><!-- cell_inner --><\/div><!-- cell --><\/div><!-- port --><\/section><section id=\"bt_bb_section69ea4596831a4\" class=\"bt_bb_section bt_bb_layout_boxed_1200 bt_bb_vertical_align_top bt_bb_top_spacing_medium bt_bb_bottom_spacing_medium\"  data-bt-override-class=\"{&quot;bt_bb_top_spacing_&quot;:{&quot;current_class&quot;:&quot;bt_bb_top_spacing_medium&quot;,&quot;def&quot;:&quot;medium&quot;,&quot;xl&quot;:&quot;medium&quot;},&quot;bt_bb_bottom_spacing_&quot;:{&quot;current_class&quot;:&quot;bt_bb_bottom_spacing_medium&quot;,&quot;def&quot;:&quot;medium&quot;,&quot;xl&quot;:&quot;medium&quot;}}\"><div class=\"bt_bb_port\"><div class=\"bt_bb_cell\"><div class=\"bt_bb_cell_inner\"><div class=\"bt_bb_row \"  data-bt-override-class=\"{}\"><div class=\"bt_bb_row_holder\" ><div  class=\"bt_bb_column col-xxl-6 col-xl-6 bt_bb_vertical_align_middle bt_bb_align_left bt_bb_padding_normal bt_bb_animation_fade_in animate\" style=\"; --column-width:6;\" data-width=\"6\" data-bt-override-class=\"{}\"><div class=\"bt_bb_column_content\"><div class=\"bt_bb_column_content_inner\"><div class=\"bt_bb_separator bt_bb_border_style_none bt_bb_top_spacing_none bt_bb_bottom_spacing_medium bt_bb_hidden_xs bt_bb_hidden_ms bt_bb_hidden_sm\" data-bt-override-class=\"{&quot;bt_bb_top_spacing_&quot;:{&quot;current_class&quot;:&quot;bt_bb_top_spacing_none&quot;,&quot;def&quot;:&quot;none&quot;,&quot;xl&quot;:&quot;none&quot;},&quot;bt_bb_bottom_spacing_&quot;:{&quot;current_class&quot;:&quot;bt_bb_bottom_spacing_medium&quot;,&quot;def&quot;:&quot;medium&quot;,&quot;xl&quot;:&quot;medium&quot;}}\"><\/div><header class=\"bt_bb_headline bt_bb_font_weight_light bt_bb_color_scheme_5 bt_bb_dash_none bt_bb_size_normal bt_bb_align_inherit\" style=\"; --primary-color:#191919; --secondary-color:#50b230;\" data-bt-override-class=\"{&quot;bt_bb_size_&quot;:{&quot;current_class&quot;:&quot;bt_bb_size_normal&quot;,&quot;def&quot;:&quot;normal&quot;,&quot;xl&quot;:&quot;normal&quot;},&quot;bt_bb_align_&quot;:{&quot;current_class&quot;:&quot;bt_bb_align_inherit&quot;,&quot;def&quot;:&quot;inherit&quot;,&quot;xl&quot;:&quot;inherit&quot;}}\"><h2 class=\"bt_bb_headline_tag\"><span class=\"bt_bb_headline_content\"><span><strong>JAKOB<\/strong><br \/><br \/>\nSTOJANOVI\u0106<\/span><\/span><\/h2><\/header><div class=\"bt_bb_separator bt_bb_border_style_none bt_bb_bottom_spacing_small\" data-bt-override-class=\"null\"><\/div><div  class=\"bt_bb_text\" ><\/p>\n<p>Jakob je nekdanji slovenski reprezentant, ki svojo strast do veslanja \u0161e naprej deli s trenerjem. Poleg tega, da se ukvarja z na\u0161im otro\u0161kim tekmovalnim programom in tabori, je tudi slovenski koordinator projekta EU Kayak Crews 4 Youth.   <\/p>\n<p>\n<\/div><div class=\"bt_bb_separator bt_bb_border_style_none bt_bb_bottom_spacing_normal\" data-bt-override-class=\"null\"><\/div><div class=\"bt_bb_icon bt_bb_color_scheme_6 bt_bb_style_filled bt_bb_size_normal bt_bb_shape_circle bt_bb_target_blank bt_bb_text_empty bt_bb_align_inherit\" style=\"; --primary-color:#ffffff; --secondary-color:#50b230;\" data-bt-override-class=\"{&quot;bt_bb_size_&quot;:{&quot;current_class&quot;:&quot;bt_bb_size_normal&quot;,&quot;def&quot;:&quot;normal&quot;,&quot;xl&quot;:&quot;normal&quot;},&quot;bt_bb_align_&quot;:{&quot;current_class&quot;:&quot;bt_bb_align_inherit&quot;,&quot;def&quot;:&quot;inherit&quot;,&quot;xl&quot;:&quot;inherit&quot;}}\"><a href=\"https:\/\/www.traininginparadise.eu\/\"  target=\"_blank\"   data-ico-=\"\" class=\"bt_bb_icon_holder\"><\/a><\/div><div class=\"bt_bb_icon bt_bb_color_scheme_6 bt_bb_style_filled bt_bb_size_normal bt_bb_shape_circle bt_bb_target_blank bt_bb_text_empty bt_bb_align_inherit\" style=\"; --primary-color:#ffffff; --secondary-color:#50b230;\" data-bt-override-class=\"{&quot;bt_bb_size_&quot;:{&quot;current_class&quot;:&quot;bt_bb_size_normal&quot;,&quot;def&quot;:&quot;normal&quot;,&quot;xl&quot;:&quot;normal&quot;},&quot;bt_bb_align_&quot;:{&quot;current_class&quot;:&quot;bt_bb_align_inherit&quot;,&quot;def&quot;:&quot;inherit&quot;,&quot;xl&quot;:&quot;inherit&quot;}}\"><a href=\"https:\/\/www.instagram.com\/jernejzr_coach\/\"  target=\"_blank\"   data-ico-=\"\" class=\"bt_bb_icon_holder\"><\/a><\/div><div class=\"bt_bb_separator bt_bb_border_style_none bt_bb_top_spacing_none bt_bb_bottom_spacing_medium\" data-bt-override-class=\"{&quot;bt_bb_top_spacing_&quot;:{&quot;current_class&quot;:&quot;bt_bb_top_spacing_none&quot;,&quot;def&quot;:&quot;none&quot;,&quot;xl&quot;:&quot;none&quot;},&quot;bt_bb_bottom_spacing_&quot;:{&quot;current_class&quot;:&quot;bt_bb_bottom_spacing_medium&quot;,&quot;def&quot;:&quot;medium&quot;,&quot;xl&quot;:&quot;medium&quot;}}\"><\/div><\/div><\/div><\/div><div  class=\"bt_bb_column col-xxl-6 col-xl-6 bt_bb_vertical_align_middle bt_bb_align_center bt_bb_padding_none bt_bb_hidden_xs bt_bb_hidden_ms bt_bb_hidden_sm\" style=\"; --column-width:6;\" data-width=\"6\" data-bt-override-class=\"{&quot;bt_bb_align_&quot;:{&quot;current_class&quot;:&quot;bt_bb_align_center&quot;,&quot;def&quot;:&quot;center&quot;,&quot;xl&quot;:&quot;center&quot;},&quot;bt_bb_padding_&quot;:{&quot;current_class&quot;:&quot;bt_bb_padding_none&quot;,&quot;def&quot;:&quot;none&quot;,&quot;xl&quot;:&quot;none&quot;}}\"><div class=\"bt_bb_column_content\"><div class=\"bt_bb_column_content_inner\"><div class=\"bt_bb_image bt_bb_shape_soft-rounded bt_bb_target_self bt_bb_align_center bt_bb_hover_style_simple bt_bb_content_display_always bt_bb_content_align_middle\" data-bt-override-class=\"{&quot;bt_bb_align_&quot;:{&quot;current_class&quot;:&quot;bt_bb_align_center&quot;,&quot;def&quot;:&quot;center&quot;,&quot;xl&quot;:&quot;center&quot;}}\"><span><img loading=\"lazy\" decoding=\"async\" width=\"450\" height=\"450\" src=\"https:\/\/kajakklubzlatorog.com\/wp-content\/uploads\/2024\/11\/JakobS450.jpg\" class=\"attachment-medium size-medium\" alt=\"https:\/\/kajakklubzlatorog.com\/wp-content\/uploads\/2024\/11\/JakobS450.jpg\" data-full_image_src=\"https:\/\/kajakklubzlatorog.com\/wp-content\/uploads\/2024\/11\/JakobS450.jpg\" title=\"JakobS450\" srcset=\"https:\/\/kajakklubzlatorog.com\/wp-content\/uploads\/2024\/11\/JakobS450.jpg 450w, https:\/\/kajakklubzlatorog.com\/wp-content\/uploads\/2024\/11\/JakobS450-160x160.jpg 160w, https:\/\/kajakklubzlatorog.com\/wp-content\/uploads\/2024\/11\/JakobS450-320x320.jpg 320w\" sizes=\"auto, (max-width: 450px) 100vw, 450px\" \/><\/span><\/div><\/div><\/div><\/div><\/div><\/div><\/div><!-- cell_inner --><\/div><!-- cell --><\/div><!-- port --><\/section><\/p>\n","protected":false},"excerpt":{"rendered":"<p>Kajak Klub Zlatorog ima ekipo dveh strokovnih trenerjev, ki \u0161portnikom pomagata dose\u010di njihov polni potencial.  <\/p>\n","protected":false},"author":2,"featured_media":4022,"parent":4226,"menu_order":0,"comment_status":"closed","ping_status":"closed","template":"","meta":{"_monsterinsights_skip_tracking":false,"_monsterinsights_sitenote_active":false,"_monsterinsights_sitenote_note":"","_monsterinsights_sitenote_category":0,"footnotes":""},"class_list":["post-4121","page","type-page","status-publish","has-post-thumbnail","hentry"],"yoast_head":"<!-- This site is optimized with the Yoast SEO plugin v27.4 - https:\/\/yoast.com\/product\/yoast-seo-wordpress\/ -->\n<title>Trenerji - Kajak Klub Zlatorog<\/title>\n<meta name=\"robots\" content=\"index, follow, max-snippet:-1, max-image-preview:large, max-video-preview:-1\" \/>\n<link rel=\"canonical\" href=\"https:\/\/kajakklubzlatorog.com\/sl\/o-nas\/trenerji\/\" \/>\n<meta property=\"og:locale\" content=\"sl_SI\" \/>\n<meta property=\"og:type\" content=\"article\" \/>\n<meta property=\"og:title\" content=\"Trenerji - Kajak Klub Zlatorog\" \/>\n<meta property=\"og:description\" content=\"Kajak Klub Zlatorog ima ekipo dveh strokovnih trenerjev, ki \u0161portnikom pomagata dose\u010di njihov polni potencial.\" \/>\n<meta property=\"og:url\" content=\"https:\/\/kajakklubzlatorog.com\/sl\/o-nas\/trenerji\/\" \/>\n<meta property=\"og:site_name\" content=\"Kajak Klub Zlatorog\" \/>\n<meta property=\"article:modified_time\" content=\"2025-04-18T11:31:26+00:00\" \/>\n<meta property=\"og:image\" content=\"https:\/\/kajakklubzlatorog.com\/wp-content\/uploads\/2023\/01\/mel-mia2.jpg\" \/>\n\t<meta property=\"og:image:width\" content=\"1920\" \/>\n\t<meta property=\"og:image:height\" content=\"800\" \/>\n\t<meta property=\"og:image:type\" content=\"image\/jpeg\" \/>\n<meta name=\"twitter:card\" content=\"summary_large_image\" \/>\n<meta name=\"twitter:label1\" content=\"Est. reading time\" \/>\n\t<meta name=\"twitter:data1\" content=\"4 minute\" \/>\n<script type=\"application\/ld+json\" class=\"yoast-schema-graph\">{\"@context\":\"https:\\\/\\\/schema.org\",\"@graph\":[{\"@type\":\"WebPage\",\"@id\":\"https:\\\/\\\/kajakklubzlatorog.com\\\/sl\\\/o-nas\\\/trenerji\\\/\",\"url\":\"https:\\\/\\\/kajakklubzlatorog.com\\\/sl\\\/o-nas\\\/trenerji\\\/\",\"name\":\"Trenerji - Kajak Klub Zlatorog\",\"isPartOf\":{\"@id\":\"https:\\\/\\\/kajakklubzlatorog.com\\\/sl\\\/#website\"},\"primaryImageOfPage\":{\"@id\":\"https:\\\/\\\/kajakklubzlatorog.com\\\/sl\\\/o-nas\\\/trenerji\\\/#primaryimage\"},\"image\":{\"@id\":\"https:\\\/\\\/kajakklubzlatorog.com\\\/sl\\\/o-nas\\\/trenerji\\\/#primaryimage\"},\"thumbnailUrl\":\"https:\\\/\\\/kajakklubzlatorog.com\\\/wp-content\\\/uploads\\\/2023\\\/01\\\/mel-mia2.jpg\",\"datePublished\":\"2017-10-27T09:02:34+00:00\",\"dateModified\":\"2025-04-18T11:31:26+00:00\",\"breadcrumb\":{\"@id\":\"https:\\\/\\\/kajakklubzlatorog.com\\\/sl\\\/o-nas\\\/trenerji\\\/#breadcrumb\"},\"inLanguage\":\"sl-SI\",\"potentialAction\":[{\"@type\":\"ReadAction\",\"target\":[\"https:\\\/\\\/kajakklubzlatorog.com\\\/sl\\\/o-nas\\\/trenerji\\\/\"]}]},{\"@type\":\"ImageObject\",\"inLanguage\":\"sl-SI\",\"@id\":\"https:\\\/\\\/kajakklubzlatorog.com\\\/sl\\\/o-nas\\\/trenerji\\\/#primaryimage\",\"url\":\"https:\\\/\\\/kajakklubzlatorog.com\\\/wp-content\\\/uploads\\\/2023\\\/01\\\/mel-mia2.jpg\",\"contentUrl\":\"https:\\\/\\\/kajakklubzlatorog.com\\\/wp-content\\\/uploads\\\/2023\\\/01\\\/mel-mia2.jpg\",\"width\":1920,\"height\":800},{\"@type\":\"BreadcrumbList\",\"@id\":\"https:\\\/\\\/kajakklubzlatorog.com\\\/sl\\\/o-nas\\\/trenerji\\\/#breadcrumb\",\"itemListElement\":[{\"@type\":\"ListItem\",\"position\":1,\"name\":\"Home\",\"item\":\"https:\\\/\\\/kajakklubzlatorog.com\\\/sl\\\/domov\\\/\"},{\"@type\":\"ListItem\",\"position\":2,\"name\":\"O nas\",\"item\":\"https:\\\/\\\/kajakklubzlatorog.com\\\/sl\\\/?page_id=4226\"},{\"@type\":\"ListItem\",\"position\":3,\"name\":\"Trenerji\"}]},{\"@type\":\"WebSite\",\"@id\":\"https:\\\/\\\/kajakklubzlatorog.com\\\/sl\\\/#website\",\"url\":\"https:\\\/\\\/kajakklubzlatorog.com\\\/sl\\\/\",\"name\":\"Kajak Klub Zlatorog\",\"description\":\"Slovenian Flatwater Kayak Club\",\"potentialAction\":[{\"@type\":\"SearchAction\",\"target\":{\"@type\":\"EntryPoint\",\"urlTemplate\":\"https:\\\/\\\/kajakklubzlatorog.com\\\/sl\\\/?s={search_term_string}\"},\"query-input\":{\"@type\":\"PropertyValueSpecification\",\"valueRequired\":true,\"valueName\":\"search_term_string\"}}],\"inLanguage\":\"sl-SI\"}]}<\/script>\n<!-- \/ Yoast SEO plugin. -->","yoast_head_json":{"title":"Trenerji - Kajak Klub Zlatorog","robots":{"index":"index","follow":"follow","max-snippet":"max-snippet:-1","max-image-preview":"max-image-preview:large","max-video-preview":"max-video-preview:-1"},"canonical":"https:\/\/kajakklubzlatorog.com\/sl\/o-nas\/trenerji\/","og_locale":"sl_SI","og_type":"article","og_title":"Trenerji - Kajak Klub Zlatorog","og_description":"Kajak Klub Zlatorog ima ekipo dveh strokovnih trenerjev, ki \u0161portnikom pomagata dose\u010di njihov polni potencial.","og_url":"https:\/\/kajakklubzlatorog.com\/sl\/o-nas\/trenerji\/","og_site_name":"Kajak Klub Zlatorog","article_modified_time":"2025-04-18T11:31:26+00:00","og_image":[{"width":1920,"height":800,"url":"https:\/\/kajakklubzlatorog.com\/wp-content\/uploads\/2023\/01\/mel-mia2.jpg","type":"image\/jpeg"}],"twitter_card":"summary_large_image","twitter_misc":{"Est. reading time":"4 minute"},"schema":{"@context":"https:\/\/schema.org","@graph":[{"@type":"WebPage","@id":"https:\/\/kajakklubzlatorog.com\/sl\/o-nas\/trenerji\/","url":"https:\/\/kajakklubzlatorog.com\/sl\/o-nas\/trenerji\/","name":"Trenerji - Kajak Klub Zlatorog","isPartOf":{"@id":"https:\/\/kajakklubzlatorog.com\/sl\/#website"},"primaryImageOfPage":{"@id":"https:\/\/kajakklubzlatorog.com\/sl\/o-nas\/trenerji\/#primaryimage"},"image":{"@id":"https:\/\/kajakklubzlatorog.com\/sl\/o-nas\/trenerji\/#primaryimage"},"thumbnailUrl":"https:\/\/kajakklubzlatorog.com\/wp-content\/uploads\/2023\/01\/mel-mia2.jpg","datePublished":"2017-10-27T09:02:34+00:00","dateModified":"2025-04-18T11:31:26+00:00","breadcrumb":{"@id":"https:\/\/kajakklubzlatorog.com\/sl\/o-nas\/trenerji\/#breadcrumb"},"inLanguage":"sl-SI","potentialAction":[{"@type":"ReadAction","target":["https:\/\/kajakklubzlatorog.com\/sl\/o-nas\/trenerji\/"]}]},{"@type":"ImageObject","inLanguage":"sl-SI","@id":"https:\/\/kajakklubzlatorog.com\/sl\/o-nas\/trenerji\/#primaryimage","url":"https:\/\/kajakklubzlatorog.com\/wp-content\/uploads\/2023\/01\/mel-mia2.jpg","contentUrl":"https:\/\/kajakklubzlatorog.com\/wp-content\/uploads\/2023\/01\/mel-mia2.jpg","width":1920,"height":800},{"@type":"BreadcrumbList","@id":"https:\/\/kajakklubzlatorog.com\/sl\/o-nas\/trenerji\/#breadcrumb","itemListElement":[{"@type":"ListItem","position":1,"name":"Home","item":"https:\/\/kajakklubzlatorog.com\/sl\/domov\/"},{"@type":"ListItem","position":2,"name":"O nas","item":"https:\/\/kajakklubzlatorog.com\/sl\/?page_id=4226"},{"@type":"ListItem","position":3,"name":"Trenerji"}]},{"@type":"WebSite","@id":"https:\/\/kajakklubzlatorog.com\/sl\/#website","url":"https:\/\/kajakklubzlatorog.com\/sl\/","name":"Kajak Klub Zlatorog","description":"Slovenian Flatwater Kayak Club","potentialAction":[{"@type":"SearchAction","target":{"@type":"EntryPoint","urlTemplate":"https:\/\/kajakklubzlatorog.com\/sl\/?s={search_term_string}"},"query-input":{"@type":"PropertyValueSpecification","valueRequired":true,"valueName":"search_term_string"}}],"inLanguage":"sl-SI"}]}},"_links":{"self":[{"href":"https:\/\/kajakklubzlatorog.com\/sl\/wp-json\/wp\/v2\/pages\/4121","targetHints":{"allow":["GET"]}}],"collection":[{"href":"https:\/\/kajakklubzlatorog.com\/sl\/wp-json\/wp\/v2\/pages"}],"about":[{"href":"https:\/\/kajakklubzlatorog.com\/sl\/wp-json\/wp\/v2\/types\/page"}],"author":[{"embeddable":true,"href":"https:\/\/kajakklubzlatorog.com\/sl\/wp-json\/wp\/v2\/users\/2"}],"replies":[{"embeddable":true,"href":"https:\/\/kajakklubzlatorog.com\/sl\/wp-json\/wp\/v2\/comments?post=4121"}],"version-history":[{"count":5,"href":"https:\/\/kajakklubzlatorog.com\/sl\/wp-json\/wp\/v2\/pages\/4121\/revisions"}],"predecessor-version":[{"id":5108,"href":"https:\/\/kajakklubzlatorog.com\/sl\/wp-json\/wp\/v2\/pages\/4121\/revisions\/5108"}],"up":[{"embeddable":true,"href":"https:\/\/kajakklubzlatorog.com\/sl\/wp-json\/wp\/v2\/pages\/4226"}],"wp:featuredmedia":[{"embeddable":true,"href":"https:\/\/kajakklubzlatorog.com\/sl\/wp-json\/wp\/v2\/media\/4022"}],"wp:attachment":[{"href":"https:\/\/kajakklubzlatorog.com\/sl\/wp-json\/wp\/v2\/media?parent=4121"}],"curies":[{"name":"wp","href":"https:\/\/api.w.org\/{rel}","templated":true}]}}