{"id":4259,"date":"2023-01-01T11:23:40","date_gmt":"2023-01-01T11:23:40","guid":{"rendered":"https:\/\/kajakklubzlatorog.com\/kkz-management\/"},"modified":"2024-01-12T20:08:26","modified_gmt":"2024-01-12T20:08:26","slug":"kkz-management","status":"publish","type":"page","link":"https:\/\/kajakklubzlatorog.com\/sl\/kkz-management\/","title":{"rendered":"KKZ Management"},"content":{"rendered":"<section id=\"bt_bb_section69ea69a971435\" class=\"bt_bb_section bt_bb_color_scheme_2 bt_bb_layout_boxed_1200 bt_bb_vertical_align_top bt_bb_top_spacing_large bt_bb_bottom_spacing_large\" style=\"; --section-primary-color:#191919; --section-secondary-color:#ffffff;\" data-bt-override-class=\"{&quot;bt_bb_top_spacing_&quot;:{&quot;current_class&quot;:&quot;bt_bb_top_spacing_large&quot;,&quot;def&quot;:&quot;large&quot;,&quot;xl&quot;:&quot;large&quot;},&quot;bt_bb_bottom_spacing_&quot;:{&quot;current_class&quot;:&quot;bt_bb_bottom_spacing_large&quot;,&quot;def&quot;:&quot;large&quot;,&quot;xl&quot;:&quot;large&quot;}}\"><div class=\"bt_bb_port\"><div class=\"bt_bb_cell\"><div class=\"bt_bb_cell_inner\"><div class=\"bt_bb_row \"  data-bt-override-class=\"{}\"><div class=\"bt_bb_row_holder\" ><div  class=\"bt_bb_column col-xxl-6 col-xl-6 col-xs-12 col-sm-6 col-md-6 col-lg-6 bt_bb_vertical_align_top bt_bb_align_left bt_bb_padding_normal\" style=\"; --column-width:6;\" data-width=\"6\" data-bt-override-class=\"{}\"><div class=\"bt_bb_column_content\"><div class=\"bt_bb_column_content_inner\"><div  class=\"bt_bb_text\" ><\/p>\n<h5><strong>UPRAVNI ODBOR<\/strong><\/h5>\n<p>\n<\/div><div class=\"bt_bb_separator bt_bb_border_style_none bt_bb_top_spacing_none bt_bb_bottom_spacing_small\" data-bt-override-class=\"{&quot;bt_bb_top_spacing_&quot;:{&quot;current_class&quot;:&quot;bt_bb_top_spacing_none&quot;,&quot;def&quot;:&quot;none&quot;,&quot;xl&quot;:&quot;none&quot;},&quot;bt_bb_bottom_spacing_&quot;:{&quot;current_class&quot;:&quot;bt_bb_bottom_spacing_small&quot;,&quot;def&quot;:&quot;small&quot;,&quot;xl&quot;:&quot;small&quot;}}\"><\/div><div  class=\"bt_bb_text\" ><\/p>\n<p><strong>Predsednik:<\/strong><\/p>\n<p>Melanie Schembri Waite<\/p>\n<p><strong>Tajnik:<\/strong><\/p>\n<p>Sandra Kozorog Ko\u0161uta<\/p>\n<p><strong>Zakladnik:<\/strong><\/p>\n<p>Lawrence Squire<\/p>\n<p>\n<\/div><div class=\"bt_bb_separator bt_bb_border_style_none bt_bb_top_spacing_none bt_bb_bottom_spacing_medium\" data-bt-override-class=\"{&quot;bt_bb_top_spacing_&quot;:{&quot;current_class&quot;:&quot;bt_bb_top_spacing_none&quot;,&quot;def&quot;:&quot;none&quot;,&quot;xl&quot;:&quot;none&quot;},&quot;bt_bb_bottom_spacing_&quot;:{&quot;current_class&quot;:&quot;bt_bb_bottom_spacing_medium&quot;,&quot;def&quot;:&quot;medium&quot;,&quot;xl&quot;:&quot;medium&quot;,&quot;sm&quot;:&quot;small&quot;,&quot;xs&quot;:&quot;small&quot;}}\"><\/div><\/div><\/div><\/div><div  class=\"bt_bb_column col-xxl-6 col-xl-6 col-xs-12 col-sm-6 col-md-6 col-lg-6 bt_bb_vertical_align_top bt_bb_align_left bt_bb_padding_normal\" style=\"; --column-width:6;\" data-width=\"6\" data-bt-override-class=\"{}\"><div class=\"bt_bb_column_content\"><div class=\"bt_bb_column_content_inner\"><div  class=\"bt_bb_text\" ><\/p>\n<p><strong>Predsednik odbora star\u0161ev:<\/strong><\/p>\n<p>Katrina Gaus<\/p>\n<p>\n<\/div><div class=\"bt_bb_separator bt_bb_border_style_none bt_bb_top_spacing_none bt_bb_bottom_spacing_medium\" data-bt-override-class=\"{&quot;bt_bb_top_spacing_&quot;:{&quot;current_class&quot;:&quot;bt_bb_top_spacing_none&quot;,&quot;def&quot;:&quot;none&quot;,&quot;xl&quot;:&quot;none&quot;},&quot;bt_bb_bottom_spacing_&quot;:{&quot;current_class&quot;:&quot;bt_bb_bottom_spacing_medium&quot;,&quot;def&quot;:&quot;medium&quot;,&quot;xl&quot;:&quot;medium&quot;}}\"><\/div><div  class=\"bt_bb_text\" ><\/p>\n<h5><strong>TRENERJI<\/strong><\/h5>\n<p>Melanie Schembri Waite<\/p>\n<p>Jernej \u017dupan\u010di\u010d Regent<\/p>\n<p>\n<\/div><div class=\"bt_bb_separator bt_bb_border_style_none bt_bb_top_spacing_none bt_bb_bottom_spacing_medium\" data-bt-override-class=\"{&quot;bt_bb_top_spacing_&quot;:{&quot;current_class&quot;:&quot;bt_bb_top_spacing_none&quot;,&quot;def&quot;:&quot;none&quot;,&quot;xl&quot;:&quot;none&quot;},&quot;bt_bb_bottom_spacing_&quot;:{&quot;current_class&quot;:&quot;bt_bb_bottom_spacing_medium&quot;,&quot;def&quot;:&quot;medium&quot;,&quot;xl&quot;:&quot;medium&quot;}}\"><\/div><\/div><\/div><\/div><\/div><\/div><div class=\"bt_bb_row \"  data-bt-override-class=\"{}\"><div class=\"bt_bb_row_holder\" ><div  class=\"bt_bb_column col-xxl-6 col-xl-6 col-xs-12 col-sm-6 col-md-6 col-lg-6 bt_bb_vertical_align_top bt_bb_align_left bt_bb_padding_normal\" style=\"; --column-width:6;\" data-width=\"6\" data-bt-override-class=\"{}\"><div class=\"bt_bb_column_content\"><div class=\"bt_bb_column_content_inner\"><div class=\"bt_bb_button bt_bb_icon_position_left bt_bb_style_outline bt_bb_size_medium bt_bb_width_inline bt_bb_shape_inherit bt_bb_target_blank bt_bb_align_left\" data-bt-override-class=\"{&quot;bt_bb_size_&quot;:{&quot;current_class&quot;:&quot;bt_bb_size_medium&quot;,&quot;def&quot;:&quot;medium&quot;,&quot;xl&quot;:&quot;medium&quot;},&quot;bt_bb_align_&quot;:{&quot;current_class&quot;:&quot;bt_bb_align_left&quot;,&quot;def&quot;:&quot;left&quot;,&quot;xl&quot;:&quot;left&quot;}}\"><a href=\"https:\/\/kajakklubzlatorog.com\/wp-content\/uploads\/2023\/01\/KKZ-statut.pdf\" target=\"_blank\" class=\"bt_bb_link\" title=\"KKZ STATUT\"><span class=\"bt_bb_button_text\" >KKZ STATUT<\/span><\/a><\/div><\/div><\/div><\/div><div  class=\"bt_bb_column col-xxl-6 col-xl-6 col-xs-12 col-sm-6 col-md-6 col-lg-6 bt_bb_vertical_align_top bt_bb_align_left bt_bb_padding_normal\" style=\"; --column-width:6;\" data-width=\"6\" data-bt-override-class=\"{}\"><div class=\"bt_bb_column_content\"><div class=\"bt_bb_column_content_inner\"><\/div><\/div><\/div><\/div><\/div><\/div><!-- cell_inner --><\/div><!-- cell --><\/div><!-- port --><\/section>\n","protected":false},"excerpt":{"rendered":"<p>Kajak Klub Zlatorog<\/p>\n","protected":false},"author":1,"featured_media":4025,"parent":0,"menu_order":0,"comment_status":"closed","ping_status":"closed","template":"","meta":{"_monsterinsights_skip_tracking":false,"_monsterinsights_sitenote_active":false,"_monsterinsights_sitenote_note":"","_monsterinsights_sitenote_category":0,"footnotes":""},"class_list":["post-4259","page","type-page","status-publish","has-post-thumbnail","hentry"],"yoast_head":"<!-- This site is optimized with the Yoast SEO plugin v27.4 - https:\/\/yoast.com\/product\/yoast-seo-wordpress\/ -->\n<title>KKZ Management - Kajak Klub Zlatorog<\/title>\n<meta name=\"robots\" content=\"index, follow, max-snippet:-1, max-image-preview:large, max-video-preview:-1\" \/>\n<link rel=\"canonical\" href=\"https:\/\/kajakklubzlatorog.com\/sl\/kkz-management\/\" \/>\n<meta property=\"og:locale\" content=\"sl_SI\" \/>\n<meta property=\"og:type\" content=\"article\" \/>\n<meta property=\"og:title\" content=\"KKZ Management - Kajak Klub Zlatorog\" \/>\n<meta property=\"og:description\" content=\"Kajak Klub Zlatorog\" \/>\n<meta property=\"og:url\" content=\"https:\/\/kajakklubzlatorog.com\/sl\/kkz-management\/\" \/>\n<meta property=\"og:site_name\" content=\"Kajak Klub Zlatorog\" \/>\n<meta property=\"article:modified_time\" content=\"2024-01-12T20:08:26+00:00\" \/>\n<meta property=\"og:image\" content=\"https:\/\/kajakklubzlatorog.com\/wp-content\/uploads\/2023\/01\/board.jpg\" \/>\n\t<meta property=\"og:image:width\" content=\"1920\" \/>\n\t<meta property=\"og:image:height\" content=\"800\" \/>\n\t<meta property=\"og:image:type\" content=\"image\/jpeg\" \/>\n<meta name=\"twitter:card\" content=\"summary_large_image\" \/>\n<meta name=\"twitter:label1\" content=\"Est. reading time\" \/>\n\t<meta name=\"twitter:data1\" content=\"2 minuti\" \/>\n<script type=\"application\/ld+json\" class=\"yoast-schema-graph\">{\"@context\":\"https:\\\/\\\/schema.org\",\"@graph\":[{\"@type\":\"WebPage\",\"@id\":\"https:\\\/\\\/kajakklubzlatorog.com\\\/sl\\\/kkz-management\\\/\",\"url\":\"https:\\\/\\\/kajakklubzlatorog.com\\\/sl\\\/kkz-management\\\/\",\"name\":\"KKZ Management - Kajak Klub Zlatorog\",\"isPartOf\":{\"@id\":\"https:\\\/\\\/kajakklubzlatorog.com\\\/sl\\\/#website\"},\"primaryImageOfPage\":{\"@id\":\"https:\\\/\\\/kajakklubzlatorog.com\\\/sl\\\/kkz-management\\\/#primaryimage\"},\"image\":{\"@id\":\"https:\\\/\\\/kajakklubzlatorog.com\\\/sl\\\/kkz-management\\\/#primaryimage\"},\"thumbnailUrl\":\"https:\\\/\\\/kajakklubzlatorog.com\\\/wp-content\\\/uploads\\\/2023\\\/01\\\/board.jpg\",\"datePublished\":\"2023-01-01T11:23:40+00:00\",\"dateModified\":\"2024-01-12T20:08:26+00:00\",\"breadcrumb\":{\"@id\":\"https:\\\/\\\/kajakklubzlatorog.com\\\/sl\\\/kkz-management\\\/#breadcrumb\"},\"inLanguage\":\"sl-SI\",\"potentialAction\":[{\"@type\":\"ReadAction\",\"target\":[\"https:\\\/\\\/kajakklubzlatorog.com\\\/sl\\\/kkz-management\\\/\"]}]},{\"@type\":\"ImageObject\",\"inLanguage\":\"sl-SI\",\"@id\":\"https:\\\/\\\/kajakklubzlatorog.com\\\/sl\\\/kkz-management\\\/#primaryimage\",\"url\":\"https:\\\/\\\/kajakklubzlatorog.com\\\/wp-content\\\/uploads\\\/2023\\\/01\\\/board.jpg\",\"contentUrl\":\"https:\\\/\\\/kajakklubzlatorog.com\\\/wp-content\\\/uploads\\\/2023\\\/01\\\/board.jpg\",\"width\":1920,\"height\":800},{\"@type\":\"BreadcrumbList\",\"@id\":\"https:\\\/\\\/kajakklubzlatorog.com\\\/sl\\\/kkz-management\\\/#breadcrumb\",\"itemListElement\":[{\"@type\":\"ListItem\",\"position\":1,\"name\":\"Home\",\"item\":\"https:\\\/\\\/kajakklubzlatorog.com\\\/sl\\\/domov\\\/\"},{\"@type\":\"ListItem\",\"position\":2,\"name\":\"KKZ Management\"}]},{\"@type\":\"WebSite\",\"@id\":\"https:\\\/\\\/kajakklubzlatorog.com\\\/sl\\\/#website\",\"url\":\"https:\\\/\\\/kajakklubzlatorog.com\\\/sl\\\/\",\"name\":\"Kajak Klub Zlatorog\",\"description\":\"Slovenian Flatwater Kayak Club\",\"potentialAction\":[{\"@type\":\"SearchAction\",\"target\":{\"@type\":\"EntryPoint\",\"urlTemplate\":\"https:\\\/\\\/kajakklubzlatorog.com\\\/sl\\\/?s={search_term_string}\"},\"query-input\":{\"@type\":\"PropertyValueSpecification\",\"valueRequired\":true,\"valueName\":\"search_term_string\"}}],\"inLanguage\":\"sl-SI\"}]}<\/script>\n<!-- \/ Yoast SEO plugin. -->","yoast_head_json":{"title":"KKZ Management - Kajak Klub Zlatorog","robots":{"index":"index","follow":"follow","max-snippet":"max-snippet:-1","max-image-preview":"max-image-preview:large","max-video-preview":"max-video-preview:-1"},"canonical":"https:\/\/kajakklubzlatorog.com\/sl\/kkz-management\/","og_locale":"sl_SI","og_type":"article","og_title":"KKZ Management - Kajak Klub Zlatorog","og_description":"Kajak Klub Zlatorog","og_url":"https:\/\/kajakklubzlatorog.com\/sl\/kkz-management\/","og_site_name":"Kajak Klub Zlatorog","article_modified_time":"2024-01-12T20:08:26+00:00","og_image":[{"width":1920,"height":800,"url":"https:\/\/kajakklubzlatorog.com\/wp-content\/uploads\/2023\/01\/board.jpg","type":"image\/jpeg"}],"twitter_card":"summary_large_image","twitter_misc":{"Est. reading time":"2 minuti"},"schema":{"@context":"https:\/\/schema.org","@graph":[{"@type":"WebPage","@id":"https:\/\/kajakklubzlatorog.com\/sl\/kkz-management\/","url":"https:\/\/kajakklubzlatorog.com\/sl\/kkz-management\/","name":"KKZ Management - Kajak Klub Zlatorog","isPartOf":{"@id":"https:\/\/kajakklubzlatorog.com\/sl\/#website"},"primaryImageOfPage":{"@id":"https:\/\/kajakklubzlatorog.com\/sl\/kkz-management\/#primaryimage"},"image":{"@id":"https:\/\/kajakklubzlatorog.com\/sl\/kkz-management\/#primaryimage"},"thumbnailUrl":"https:\/\/kajakklubzlatorog.com\/wp-content\/uploads\/2023\/01\/board.jpg","datePublished":"2023-01-01T11:23:40+00:00","dateModified":"2024-01-12T20:08:26+00:00","breadcrumb":{"@id":"https:\/\/kajakklubzlatorog.com\/sl\/kkz-management\/#breadcrumb"},"inLanguage":"sl-SI","potentialAction":[{"@type":"ReadAction","target":["https:\/\/kajakklubzlatorog.com\/sl\/kkz-management\/"]}]},{"@type":"ImageObject","inLanguage":"sl-SI","@id":"https:\/\/kajakklubzlatorog.com\/sl\/kkz-management\/#primaryimage","url":"https:\/\/kajakklubzlatorog.com\/wp-content\/uploads\/2023\/01\/board.jpg","contentUrl":"https:\/\/kajakklubzlatorog.com\/wp-content\/uploads\/2023\/01\/board.jpg","width":1920,"height":800},{"@type":"BreadcrumbList","@id":"https:\/\/kajakklubzlatorog.com\/sl\/kkz-management\/#breadcrumb","itemListElement":[{"@type":"ListItem","position":1,"name":"Home","item":"https:\/\/kajakklubzlatorog.com\/sl\/domov\/"},{"@type":"ListItem","position":2,"name":"KKZ Management"}]},{"@type":"WebSite","@id":"https:\/\/kajakklubzlatorog.com\/sl\/#website","url":"https:\/\/kajakklubzlatorog.com\/sl\/","name":"Kajak Klub Zlatorog","description":"Slovenian Flatwater Kayak Club","potentialAction":[{"@type":"SearchAction","target":{"@type":"EntryPoint","urlTemplate":"https:\/\/kajakklubzlatorog.com\/sl\/?s={search_term_string}"},"query-input":{"@type":"PropertyValueSpecification","valueRequired":true,"valueName":"search_term_string"}}],"inLanguage":"sl-SI"}]}},"_links":{"self":[{"href":"https:\/\/kajakklubzlatorog.com\/sl\/wp-json\/wp\/v2\/pages\/4259","targetHints":{"allow":["GET"]}}],"collection":[{"href":"https:\/\/kajakklubzlatorog.com\/sl\/wp-json\/wp\/v2\/pages"}],"about":[{"href":"https:\/\/kajakklubzlatorog.com\/sl\/wp-json\/wp\/v2\/types\/page"}],"author":[{"embeddable":true,"href":"https:\/\/kajakklubzlatorog.com\/sl\/wp-json\/wp\/v2\/users\/1"}],"replies":[{"embeddable":true,"href":"https:\/\/kajakklubzlatorog.com\/sl\/wp-json\/wp\/v2\/comments?post=4259"}],"version-history":[{"count":3,"href":"https:\/\/kajakklubzlatorog.com\/sl\/wp-json\/wp\/v2\/pages\/4259\/revisions"}],"predecessor-version":[{"id":4270,"href":"https:\/\/kajakklubzlatorog.com\/sl\/wp-json\/wp\/v2\/pages\/4259\/revisions\/4270"}],"wp:featuredmedia":[{"embeddable":true,"href":"https:\/\/kajakklubzlatorog.com\/sl\/wp-json\/wp\/v2\/media\/4025"}],"wp:attachment":[{"href":"https:\/\/kajakklubzlatorog.com\/sl\/wp-json\/wp\/v2\/media?parent=4259"}],"curies":[{"name":"wp","href":"https:\/\/api.w.org\/{rel}","templated":true}]}}