{"id":4272,"date":"2022-12-14T11:33:09","date_gmt":"2022-12-14T11:33:09","guid":{"rendered":"https:\/\/kajakklubzlatorog.com\/zasebne-lekcije\/"},"modified":"2024-01-12T20:08:29","modified_gmt":"2024-01-12T20:08:29","slug":"zasebne-lekcije","status":"publish","type":"page","link":"https:\/\/kajakklubzlatorog.com\/sl\/zasebne-lekcije\/","title":{"rendered":"Zasebne lekcije"},"content":{"rendered":"<section id=\"bt_bb_section69ea59d8871f7\" class=\"bt_bb_section bt_bb_color_scheme_2 bt_bb_layout_boxed_1200 bt_bb_vertical_align_top\" style=\"; --section-primary-color:#191919; --section-secondary-color:#ffffff;\" data-bt-override-class=\"null\"><div class=\"bt_bb_port\"><div class=\"bt_bb_cell\"><div class=\"bt_bb_cell_inner\"><div class=\"bt_bb_row \"  data-bt-override-class=\"{}\"><div class=\"bt_bb_row_holder\" ><div  class=\"bt_bb_column col-xxl-6 col-xl-6 col-xs-12 col-sm-6 col-md-6 col-lg-6 bt_bb_vertical_align_middle bt_bb_align_left bt_bb_padding_normal bt_bb_animation_fade_in animate\" style=\"; --column-width:6;\" data-width=\"6\" data-bt-override-class=\"{}\"><div class=\"bt_bb_column_content\"><div class=\"bt_bb_column_content_inner\"><div class=\"bt_bb_separator bt_bb_border_style_none bt_bb_bottom_spacing_large\" data-bt-override-class=\"null\"><\/div><header class=\"bt_bb_headline bt_bb_font_weight_light bt_bb_color_scheme_5 bt_bb_dash_none bt_bb_size_large bt_bb_align_inherit\" style=\"; --primary-color:#191919; --secondary-color:#50b230;\" data-bt-override-class=\"{&quot;bt_bb_size_&quot;:{&quot;current_class&quot;:&quot;bt_bb_size_large&quot;,&quot;def&quot;:&quot;large&quot;,&quot;xl&quot;:&quot;large&quot;},&quot;bt_bb_align_&quot;:{&quot;current_class&quot;:&quot;bt_bb_align_inherit&quot;,&quot;def&quot;:&quot;inherit&quot;,&quot;xl&quot;:&quot;inherit&quot;}}\"><h2 class=\"bt_bb_headline_tag\"><span class=\"bt_bb_headline_content\"><span>INDIVIDUALNI <strong>COACHING<\/strong><br \/><br \/>\n<\/span><\/span><\/h2><\/header><div class=\"bt_bb_separator bt_bb_border_style_none bt_bb_top_spacing_none bt_bb_bottom_spacing_normal\" data-bt-override-class=\"{&quot;bt_bb_top_spacing_&quot;:{&quot;current_class&quot;:&quot;bt_bb_top_spacing_none&quot;,&quot;def&quot;:&quot;none&quot;,&quot;xl&quot;:&quot;none&quot;},&quot;bt_bb_bottom_spacing_&quot;:{&quot;current_class&quot;:&quot;bt_bb_bottom_spacing_normal&quot;,&quot;def&quot;:&quot;normal&quot;,&quot;xl&quot;:&quot;normal&quot;}}\"><\/div><div  class=\"bt_bb_text\" ><\/p>\n<h5>Za \u0161portnike vseh starosti<\/h5>\n<p>\n<\/div><div class=\"bt_bb_separator bt_bb_border_style_none bt_bb_top_spacing_none bt_bb_bottom_spacing_normal\" data-bt-override-class=\"{&quot;bt_bb_top_spacing_&quot;:{&quot;current_class&quot;:&quot;bt_bb_top_spacing_none&quot;,&quot;def&quot;:&quot;none&quot;,&quot;xl&quot;:&quot;none&quot;},&quot;bt_bb_bottom_spacing_&quot;:{&quot;current_class&quot;:&quot;bt_bb_bottom_spacing_normal&quot;,&quot;def&quot;:&quot;normal&quot;,&quot;xl&quot;:&quot;normal&quot;}}\"><\/div><div  class=\"bt_bb_text\" ><\/p>\n<p>Redne zasebne u\u010dne ure so primerne za lokalne vesla\u010de na gladini vseh starosti in sposobnosti. \u010ce se ne morete udele\u017eiti na\u0161ih rednih treningov ali bi radi izbolj\u0161ali eno ali ve\u010d podro\u010dij veslanja in treninga v bolj osredoto\u010denem okolju, potem so zasebne ure za vas.<\/p>\n<p>Zasebne ure trajajo od 1 do 2 uri, odvisno od va\u0161ih \u0161portnih ciljev in starosti.<\/p>\n<p>Za \u0161portnike iz tujine, ki \u017eelijo sodelovati z nami, organiziramo <a href=\"\/sl\/?page_id=4269\">klinike veslanja za<\/a> posameznike in ekipe.<\/p>\n<p>\n<\/div><div class=\"bt_bb_separator bt_bb_border_style_none bt_bb_top_spacing_none bt_bb_bottom_spacing_medium\" data-bt-override-class=\"{&quot;bt_bb_top_spacing_&quot;:{&quot;current_class&quot;:&quot;bt_bb_top_spacing_none&quot;,&quot;def&quot;:&quot;none&quot;,&quot;xl&quot;:&quot;none&quot;},&quot;bt_bb_bottom_spacing_&quot;:{&quot;current_class&quot;:&quot;bt_bb_bottom_spacing_medium&quot;,&quot;def&quot;:&quot;medium&quot;,&quot;xl&quot;:&quot;medium&quot;}}\"><\/div><div class=\"bt_bb_button bt_bb_color_scheme_4 bt_bb_icon_position_left bt_bb_style_outline bt_bb_size_medium bt_bb_width_inline bt_bb_shape_inherit bt_bb_target_self bt_bb_align_inherit\" style=\"; --primary-color:#50b230; --secondary-color:#ffffff;\" data-bt-override-class=\"{&quot;bt_bb_size_&quot;:{&quot;current_class&quot;:&quot;bt_bb_size_medium&quot;,&quot;def&quot;:&quot;medium&quot;,&quot;xl&quot;:&quot;medium&quot;},&quot;bt_bb_align_&quot;:{&quot;current_class&quot;:&quot;bt_bb_align_inherit&quot;,&quot;def&quot;:&quot;inherit&quot;,&quot;xl&quot;:&quot;inherit&quot;}}\"><a href=\"https:\/\/kajakklubzlatorog.com\/sl\/?page_id=4221\" target=\"_self\" class=\"bt_bb_link\" title=\"KONTAKTIRAJTE NAS\"><span class=\"bt_bb_button_text\" >KONTAKTIRAJTE NAS<\/span><\/a><\/div><div class=\"bt_bb_button bt_bb_color_scheme_4 bt_bb_icon_position_left bt_bb_style_outline bt_bb_size_medium bt_bb_width_inline bt_bb_shape_inherit bt_bb_target_self bt_bb_align_inherit\" style=\"; --primary-color:#50b230; --secondary-color:#ffffff;\" data-bt-override-class=\"{&quot;bt_bb_size_&quot;:{&quot;current_class&quot;:&quot;bt_bb_size_medium&quot;,&quot;def&quot;:&quot;medium&quot;,&quot;xl&quot;:&quot;medium&quot;},&quot;bt_bb_align_&quot;:{&quot;current_class&quot;:&quot;bt_bb_align_inherit&quot;,&quot;def&quot;:&quot;inherit&quot;,&quot;xl&quot;:&quot;inherit&quot;}}\"><a href=\"https:\/\/kajakklubzlatorog.com\/sl\/?page_id=4121\" target=\"_self\" class=\"bt_bb_link\" title=\"TRENERJI\"><span class=\"bt_bb_button_text\" >TRENERJI<\/span><\/a><\/div><div class=\"bt_bb_separator bt_bb_border_style_none bt_bb_bottom_spacing_large\" data-bt-override-class=\"null\"><\/div><\/div><\/div><\/div><div  class=\"bt_bb_column col-xxl-6 col-xl-6 col-xs-12 col-sm-6 col-md-6 col-lg-6 bt_bb_vertical_align_middle bt_bb_align_right bt_bb_padding_normal bt_bb_animation_fade_in animate\" style=\"; --column-width:6;\" data-width=\"6\" data-bt-override-class=\"{&quot;bt_bb_align_&quot;:{&quot;current_class&quot;:&quot;bt_bb_align_right&quot;,&quot;def&quot;:&quot;right&quot;,&quot;xl&quot;:&quot;right&quot;},&quot;bt_bb_padding_&quot;:{&quot;current_class&quot;:&quot;bt_bb_padding_normal&quot;,&quot;def&quot;:&quot;normal&quot;,&quot;xl&quot;:&quot;normal&quot;}}\"><div class=\"bt_bb_column_content\"><div class=\"bt_bb_column_content_inner\"><\/div><\/div><\/div><\/div><\/div><\/div><!-- cell_inner --><\/div><!-- cell --><\/div><!-- port --><\/section>\n","protected":false},"excerpt":{"rendered":"<p>Odli\u010den na\u010din za izbolj\u0161anje veslanja  <\/p>\n","protected":false},"author":1,"featured_media":4011,"parent":0,"menu_order":0,"comment_status":"closed","ping_status":"closed","template":"","meta":{"_monsterinsights_skip_tracking":false,"_monsterinsights_sitenote_active":false,"_monsterinsights_sitenote_note":"","_monsterinsights_sitenote_category":0,"footnotes":""},"class_list":["post-4272","page","type-page","status-publish","has-post-thumbnail","hentry"],"yoast_head":"<!-- This site is optimized with the Yoast SEO plugin v27.4 - https:\/\/yoast.com\/product\/yoast-seo-wordpress\/ -->\n<title>Zasebne lekcije - Kajak Klub Zlatorog<\/title>\n<meta name=\"robots\" content=\"index, follow, max-snippet:-1, max-image-preview:large, max-video-preview:-1\" \/>\n<link rel=\"canonical\" href=\"https:\/\/kajakklubzlatorog.com\/sl\/zasebne-lekcije\/\" \/>\n<meta property=\"og:locale\" content=\"sl_SI\" \/>\n<meta property=\"og:type\" content=\"article\" \/>\n<meta property=\"og:title\" content=\"Zasebne lekcije - Kajak Klub Zlatorog\" \/>\n<meta property=\"og:description\" content=\"Odli\u010den na\u010din za izbolj\u0161anje veslanja\" \/>\n<meta property=\"og:url\" content=\"https:\/\/kajakklubzlatorog.com\/sl\/zasebne-lekcije\/\" \/>\n<meta property=\"og:site_name\" content=\"Kajak Klub Zlatorog\" \/>\n<meta property=\"article:modified_time\" content=\"2024-01-12T20:08:29+00:00\" \/>\n<meta property=\"og:image\" content=\"https:\/\/kajakklubzlatorog.com\/wp-content\/uploads\/2023\/01\/lessons.jpg\" \/>\n\t<meta property=\"og:image:width\" content=\"1920\" \/>\n\t<meta property=\"og:image:height\" content=\"800\" \/>\n\t<meta property=\"og:image:type\" content=\"image\/jpeg\" \/>\n<meta name=\"twitter:card\" content=\"summary_large_image\" \/>\n<meta name=\"twitter:label1\" content=\"Est. reading time\" \/>\n\t<meta name=\"twitter:data1\" content=\"3 minute\" \/>\n<script type=\"application\/ld+json\" class=\"yoast-schema-graph\">{\"@context\":\"https:\\\/\\\/schema.org\",\"@graph\":[{\"@type\":\"WebPage\",\"@id\":\"https:\\\/\\\/kajakklubzlatorog.com\\\/sl\\\/zasebne-lekcije\\\/\",\"url\":\"https:\\\/\\\/kajakklubzlatorog.com\\\/sl\\\/zasebne-lekcije\\\/\",\"name\":\"Zasebne lekcije - Kajak Klub Zlatorog\",\"isPartOf\":{\"@id\":\"https:\\\/\\\/kajakklubzlatorog.com\\\/sl\\\/#website\"},\"primaryImageOfPage\":{\"@id\":\"https:\\\/\\\/kajakklubzlatorog.com\\\/sl\\\/zasebne-lekcije\\\/#primaryimage\"},\"image\":{\"@id\":\"https:\\\/\\\/kajakklubzlatorog.com\\\/sl\\\/zasebne-lekcije\\\/#primaryimage\"},\"thumbnailUrl\":\"https:\\\/\\\/kajakklubzlatorog.com\\\/wp-content\\\/uploads\\\/2023\\\/01\\\/lessons.jpg\",\"datePublished\":\"2022-12-14T11:33:09+00:00\",\"dateModified\":\"2024-01-12T20:08:29+00:00\",\"breadcrumb\":{\"@id\":\"https:\\\/\\\/kajakklubzlatorog.com\\\/sl\\\/zasebne-lekcije\\\/#breadcrumb\"},\"inLanguage\":\"sl-SI\",\"potentialAction\":[{\"@type\":\"ReadAction\",\"target\":[\"https:\\\/\\\/kajakklubzlatorog.com\\\/sl\\\/zasebne-lekcije\\\/\"]}]},{\"@type\":\"ImageObject\",\"inLanguage\":\"sl-SI\",\"@id\":\"https:\\\/\\\/kajakklubzlatorog.com\\\/sl\\\/zasebne-lekcije\\\/#primaryimage\",\"url\":\"https:\\\/\\\/kajakklubzlatorog.com\\\/wp-content\\\/uploads\\\/2023\\\/01\\\/lessons.jpg\",\"contentUrl\":\"https:\\\/\\\/kajakklubzlatorog.com\\\/wp-content\\\/uploads\\\/2023\\\/01\\\/lessons.jpg\",\"width\":1920,\"height\":800},{\"@type\":\"BreadcrumbList\",\"@id\":\"https:\\\/\\\/kajakklubzlatorog.com\\\/sl\\\/zasebne-lekcije\\\/#breadcrumb\",\"itemListElement\":[{\"@type\":\"ListItem\",\"position\":1,\"name\":\"Home\",\"item\":\"https:\\\/\\\/kajakklubzlatorog.com\\\/sl\\\/domov\\\/\"},{\"@type\":\"ListItem\",\"position\":2,\"name\":\"Zasebne lekcije\"}]},{\"@type\":\"WebSite\",\"@id\":\"https:\\\/\\\/kajakklubzlatorog.com\\\/sl\\\/#website\",\"url\":\"https:\\\/\\\/kajakklubzlatorog.com\\\/sl\\\/\",\"name\":\"Kajak Klub Zlatorog\",\"description\":\"Slovenian Flatwater Kayak Club\",\"potentialAction\":[{\"@type\":\"SearchAction\",\"target\":{\"@type\":\"EntryPoint\",\"urlTemplate\":\"https:\\\/\\\/kajakklubzlatorog.com\\\/sl\\\/?s={search_term_string}\"},\"query-input\":{\"@type\":\"PropertyValueSpecification\",\"valueRequired\":true,\"valueName\":\"search_term_string\"}}],\"inLanguage\":\"sl-SI\"}]}<\/script>\n<!-- \/ Yoast SEO plugin. -->","yoast_head_json":{"title":"Zasebne lekcije - Kajak Klub Zlatorog","robots":{"index":"index","follow":"follow","max-snippet":"max-snippet:-1","max-image-preview":"max-image-preview:large","max-video-preview":"max-video-preview:-1"},"canonical":"https:\/\/kajakklubzlatorog.com\/sl\/zasebne-lekcije\/","og_locale":"sl_SI","og_type":"article","og_title":"Zasebne lekcije - Kajak Klub Zlatorog","og_description":"Odli\u010den na\u010din za izbolj\u0161anje veslanja","og_url":"https:\/\/kajakklubzlatorog.com\/sl\/zasebne-lekcije\/","og_site_name":"Kajak Klub Zlatorog","article_modified_time":"2024-01-12T20:08:29+00:00","og_image":[{"width":1920,"height":800,"url":"https:\/\/kajakklubzlatorog.com\/wp-content\/uploads\/2023\/01\/lessons.jpg","type":"image\/jpeg"}],"twitter_card":"summary_large_image","twitter_misc":{"Est. reading time":"3 minute"},"schema":{"@context":"https:\/\/schema.org","@graph":[{"@type":"WebPage","@id":"https:\/\/kajakklubzlatorog.com\/sl\/zasebne-lekcije\/","url":"https:\/\/kajakklubzlatorog.com\/sl\/zasebne-lekcije\/","name":"Zasebne lekcije - Kajak Klub Zlatorog","isPartOf":{"@id":"https:\/\/kajakklubzlatorog.com\/sl\/#website"},"primaryImageOfPage":{"@id":"https:\/\/kajakklubzlatorog.com\/sl\/zasebne-lekcije\/#primaryimage"},"image":{"@id":"https:\/\/kajakklubzlatorog.com\/sl\/zasebne-lekcije\/#primaryimage"},"thumbnailUrl":"https:\/\/kajakklubzlatorog.com\/wp-content\/uploads\/2023\/01\/lessons.jpg","datePublished":"2022-12-14T11:33:09+00:00","dateModified":"2024-01-12T20:08:29+00:00","breadcrumb":{"@id":"https:\/\/kajakklubzlatorog.com\/sl\/zasebne-lekcije\/#breadcrumb"},"inLanguage":"sl-SI","potentialAction":[{"@type":"ReadAction","target":["https:\/\/kajakklubzlatorog.com\/sl\/zasebne-lekcije\/"]}]},{"@type":"ImageObject","inLanguage":"sl-SI","@id":"https:\/\/kajakklubzlatorog.com\/sl\/zasebne-lekcije\/#primaryimage","url":"https:\/\/kajakklubzlatorog.com\/wp-content\/uploads\/2023\/01\/lessons.jpg","contentUrl":"https:\/\/kajakklubzlatorog.com\/wp-content\/uploads\/2023\/01\/lessons.jpg","width":1920,"height":800},{"@type":"BreadcrumbList","@id":"https:\/\/kajakklubzlatorog.com\/sl\/zasebne-lekcije\/#breadcrumb","itemListElement":[{"@type":"ListItem","position":1,"name":"Home","item":"https:\/\/kajakklubzlatorog.com\/sl\/domov\/"},{"@type":"ListItem","position":2,"name":"Zasebne lekcije"}]},{"@type":"WebSite","@id":"https:\/\/kajakklubzlatorog.com\/sl\/#website","url":"https:\/\/kajakklubzlatorog.com\/sl\/","name":"Kajak Klub Zlatorog","description":"Slovenian Flatwater Kayak Club","potentialAction":[{"@type":"SearchAction","target":{"@type":"EntryPoint","urlTemplate":"https:\/\/kajakklubzlatorog.com\/sl\/?s={search_term_string}"},"query-input":{"@type":"PropertyValueSpecification","valueRequired":true,"valueName":"search_term_string"}}],"inLanguage":"sl-SI"}]}},"_links":{"self":[{"href":"https:\/\/kajakklubzlatorog.com\/sl\/wp-json\/wp\/v2\/pages\/4272","targetHints":{"allow":["GET"]}}],"collection":[{"href":"https:\/\/kajakklubzlatorog.com\/sl\/wp-json\/wp\/v2\/pages"}],"about":[{"href":"https:\/\/kajakklubzlatorog.com\/sl\/wp-json\/wp\/v2\/types\/page"}],"author":[{"embeddable":true,"href":"https:\/\/kajakklubzlatorog.com\/sl\/wp-json\/wp\/v2\/users\/1"}],"replies":[{"embeddable":true,"href":"https:\/\/kajakklubzlatorog.com\/sl\/wp-json\/wp\/v2\/comments?post=4272"}],"version-history":[{"count":5,"href":"https:\/\/kajakklubzlatorog.com\/sl\/wp-json\/wp\/v2\/pages\/4272\/revisions"}],"predecessor-version":[{"id":4296,"href":"https:\/\/kajakklubzlatorog.com\/sl\/wp-json\/wp\/v2\/pages\/4272\/revisions\/4296"}],"wp:featuredmedia":[{"embeddable":true,"href":"https:\/\/kajakklubzlatorog.com\/sl\/wp-json\/wp\/v2\/media\/4011"}],"wp:attachment":[{"href":"https:\/\/kajakklubzlatorog.com\/sl\/wp-json\/wp\/v2\/media?parent=4272"}],"curies":[{"name":"wp","href":"https:\/\/api.w.org\/{rel}","templated":true}]}}