{"id":4295,"date":"2022-12-14T11:33:57","date_gmt":"2022-12-14T11:33:57","guid":{"rendered":"https:\/\/kajakklubzlatorog.com\/tabori-za-usposabljanje\/"},"modified":"2024-02-08T19:25:53","modified_gmt":"2024-02-08T19:25:53","slug":"tabori-za-usposabljanje","status":"publish","type":"page","link":"https:\/\/kajakklubzlatorog.com\/sl\/tabori-za-usposabljanje\/","title":{"rendered":"Priprave"},"content":{"rendered":"<section id=\"bt_bb_section69ea363ad1e17\" class=\"bt_bb_section bt_bb_color_scheme_2 bt_bb_layout_boxed_1200 bt_bb_vertical_align_top bt_bb_top_spacing_none bt_bb_bottom_spacing_large\" style=\"; --section-primary-color:#191919; --section-secondary-color:#ffffff;\" data-bt-override-class=\"{&quot;bt_bb_top_spacing_&quot;:{&quot;current_class&quot;:&quot;bt_bb_top_spacing_none&quot;,&quot;def&quot;:&quot;none&quot;,&quot;xl&quot;:&quot;none&quot;},&quot;bt_bb_bottom_spacing_&quot;:{&quot;current_class&quot;:&quot;bt_bb_bottom_spacing_large&quot;,&quot;def&quot;:&quot;large&quot;,&quot;xl&quot;:&quot;large&quot;}}\"><div class=\"bt_bb_port\"><div class=\"bt_bb_cell\"><div class=\"bt_bb_cell_inner\"><div class=\"bt_bb_row \"  data-bt-override-class=\"{}\"><div class=\"bt_bb_row_holder\" ><div  class=\"bt_bb_column col-xxl-6 col-xl-6 col-xs-12 col-sm-6 col-md-6 col-lg-6 bt_bb_vertical_align_top bt_bb_align_left bt_bb_padding_normal\" style=\"; --column-width:6;\" data-width=\"6\" data-bt-override-class=\"{}\"><div class=\"bt_bb_column_content\"><div class=\"bt_bb_column_content_inner\"><div class=\"bt_bb_separator bt_bb_border_style_none bt_bb_bottom_spacing_large\" data-bt-override-class=\"null\"><\/div><header class=\"bt_bb_headline bt_bb_font_weight_light bt_bb_color_scheme_5 bt_bb_dash_none bt_bb_size_large bt_bb_align_inherit\" style=\"; --primary-color:#191919; --secondary-color:#50b230;\" data-bt-override-class=\"{&quot;bt_bb_size_&quot;:{&quot;current_class&quot;:&quot;bt_bb_size_large&quot;,&quot;def&quot;:&quot;large&quot;,&quot;xl&quot;:&quot;large&quot;},&quot;bt_bb_align_&quot;:{&quot;current_class&quot;:&quot;bt_bb_align_inherit&quot;,&quot;def&quot;:&quot;inherit&quot;,&quot;xl&quot;:&quot;inherit&quot;}}\"><h2 class=\"bt_bb_headline_tag\"><span class=\"bt_bb_headline_content\"><span><strong>TRENIRAJTE<\/strong> Z NAMI<br \/><br \/>\n<\/span><\/span><\/h2><\/header><div class=\"bt_bb_separator bt_bb_border_style_none bt_bb_top_spacing_none bt_bb_bottom_spacing_normal\" data-bt-override-class=\"{&quot;bt_bb_top_spacing_&quot;:{&quot;current_class&quot;:&quot;bt_bb_top_spacing_none&quot;,&quot;def&quot;:&quot;none&quot;,&quot;xl&quot;:&quot;none&quot;},&quot;bt_bb_bottom_spacing_&quot;:{&quot;current_class&quot;:&quot;bt_bb_bottom_spacing_normal&quot;,&quot;def&quot;:&quot;normal&quot;,&quot;xl&quot;:&quot;normal&quot;}}\"><\/div><div  class=\"bt_bb_text\" ><\/p>\n<h5>Za vrhunske in mlade \u0161portnike<\/h5>\n<p>\n<\/div><div class=\"bt_bb_separator bt_bb_border_style_none bt_bb_top_spacing_none bt_bb_bottom_spacing_normal\" data-bt-override-class=\"{&quot;bt_bb_top_spacing_&quot;:{&quot;current_class&quot;:&quot;bt_bb_top_spacing_none&quot;,&quot;def&quot;:&quot;none&quot;,&quot;xl&quot;:&quot;none&quot;},&quot;bt_bb_bottom_spacing_&quot;:{&quot;current_class&quot;:&quot;bt_bb_bottom_spacing_normal&quot;,&quot;def&quot;:&quot;normal&quot;,&quot;xl&quot;:&quot;normal&quot;}}\"><\/div><div  class=\"bt_bb_text\" ><\/p>\n<p>V KKZ so dobrodo\u0161li \u0161portniki v sprint kajaku in ekipe iz drugih dr\u017eav, ki lahko z na\u0161imi \u0161portniki trenirajo dlje \u010dasa. V sodelovanju z organizacijo <a href=\"https:\/\/www.traininginparadise.eu\/\">Training in Paradise<\/a> vam ponujamo mo\u017enost, da trenirate z eno od na\u0161ih dveh skupin &#8211; z ekipo za vrhunski \u0161port ali z ekipo mlaj\u0161ih.<\/p>\n<p>KKZ se nahaja v \u010dudoviti naravi z mirno vodo in ima 17-kilometrsko krog ter 250-metrsko progo tik pred vrati. Zunaj vode je v na\u0161i klubski hi\u0161i na voljo telovadnica in velika izbira opreme za trening tehnike vo\u017enje s kajakom.<\/p>\n<p>Na\u0161a ekipa za vrhunski \u0161port, v kateri so \u0161portniki stari od 19 do 24 let, trenira \u0161est dni na teden, dvakrat na dan. Vsi ti \u0161portniki so bili finalisti A svetovnega prvenstva U23 ali nosilci medalj. Gostujo\u010di \u0161portniki, ki trenirajo pri njih, so obi\u010dajno \u010dlani nacionalnih reprezentanc.<\/p>\n<p>\u010ce nas \u017eelite obiskati z mlaj\u0161imi kajaka\u0161i iz va\u0161ega kluba, imamo veliko ekipo \u0161portnikov, starih od 7 do 14 let, ki se radi sre\u010dujejo in trenirajo z gosti. Skupni trening lahko vklju\u010dujeekipne \u010dolne, z veseljem pa vam pomagamo organizirati dru\u017eabne dejavnosti zunaj vode. KKZ pri razvoju in izvajanju programov EU sodeluje tudi s klubi iz tujine.<\/p>\n<p>\u010ce \u017eelite izvedeti ve\u010d o usposabljanju ali sodelovanju z nami, stopite v stik z nami.<\/p>\n<p>\n<\/div><div class=\"bt_bb_separator bt_bb_border_style_none bt_bb_top_spacing_none bt_bb_bottom_spacing_normal\" data-bt-override-class=\"{&quot;bt_bb_top_spacing_&quot;:{&quot;current_class&quot;:&quot;bt_bb_top_spacing_none&quot;,&quot;def&quot;:&quot;none&quot;,&quot;xl&quot;:&quot;none&quot;},&quot;bt_bb_bottom_spacing_&quot;:{&quot;current_class&quot;:&quot;bt_bb_bottom_spacing_normal&quot;,&quot;def&quot;:&quot;normal&quot;,&quot;xl&quot;:&quot;normal&quot;}}\"><\/div><div class=\"bt_bb_button bt_bb_color_scheme_4 bt_bb_icon_position_left bt_bb_style_outline bt_bb_size_medium bt_bb_width_inline bt_bb_shape_inherit bt_bb_target_self bt_bb_align_inherit\" style=\"; --primary-color:#50b230; --secondary-color:#ffffff;\" data-bt-override-class=\"{&quot;bt_bb_size_&quot;:{&quot;current_class&quot;:&quot;bt_bb_size_medium&quot;,&quot;def&quot;:&quot;medium&quot;,&quot;xl&quot;:&quot;medium&quot;},&quot;bt_bb_align_&quot;:{&quot;current_class&quot;:&quot;bt_bb_align_inherit&quot;,&quot;def&quot;:&quot;inherit&quot;,&quot;xl&quot;:&quot;inherit&quot;}}\"><a href=\"https:\/\/kajakklubzlatorog.com\/sl\/?page_id=4221\" target=\"_self\" class=\"bt_bb_link\" title=\"KONTAKTIRAJTE NAS\"><span class=\"bt_bb_button_text\" >KONTAKTIRAJTE NAS<\/span><\/a><\/div><div class=\"bt_bb_separator bt_bb_border_style_none bt_bb_top_spacing_none bt_bb_bottom_spacing_normal\" data-bt-override-class=\"{&quot;bt_bb_top_spacing_&quot;:{&quot;current_class&quot;:&quot;bt_bb_top_spacing_none&quot;,&quot;def&quot;:&quot;none&quot;,&quot;xl&quot;:&quot;none&quot;},&quot;bt_bb_bottom_spacing_&quot;:{&quot;current_class&quot;:&quot;bt_bb_bottom_spacing_normal&quot;,&quot;def&quot;:&quot;normal&quot;,&quot;xl&quot;:&quot;normal&quot;}}\"><\/div><\/div><\/div><\/div><div  class=\"bt_bb_column col-xxl-6 col-xl-6 col-xs-12 col-sm-6 col-md-6 col-lg-6 bt_bb_vertical_align_middle bt_bb_align_center bt_bb_padding_double\" style=\"; --column-width:6;\" data-width=\"6\" data-bt-override-class=\"{&quot;bt_bb_align_&quot;:{&quot;current_class&quot;:&quot;bt_bb_align_center&quot;,&quot;def&quot;:&quot;center&quot;,&quot;xl&quot;:&quot;center&quot;},&quot;bt_bb_padding_&quot;:{&quot;current_class&quot;:&quot;bt_bb_padding_double&quot;,&quot;def&quot;:&quot;double&quot;,&quot;xl&quot;:&quot;double&quot;}}\"><div class=\"bt_bb_column_content\"><div class=\"bt_bb_column_content_inner\"><div class=\"bt_bb_image bt_bb_shape_square bt_bb_target_self bt_bb_align_inherit bt_bb_hover_style_simple bt_bb_content_display_always bt_bb_content_align_middle\" data-bt-override-class=\"{&quot;bt_bb_align_&quot;:{&quot;current_class&quot;:&quot;bt_bb_align_inherit&quot;,&quot;def&quot;:&quot;inherit&quot;,&quot;xl&quot;:&quot;inherit&quot;}}\"><span><img loading=\"lazy\" decoding=\"async\" width=\"1404\" height=\"1430\" src=\"https:\/\/kajakklubzlatorog.com\/wp-content\/uploads\/2023\/01\/tcamps3.jpg\" class=\"attachment-full size-full\" alt=\"https:\/\/kajakklubzlatorog.com\/wp-content\/uploads\/2023\/01\/tcamps3.jpg\" data-full_image_src=\"https:\/\/kajakklubzlatorog.com\/wp-content\/uploads\/2023\/01\/tcamps3.jpg\" title=\"tcamps3\" srcset=\"https:\/\/kajakklubzlatorog.com\/wp-content\/uploads\/2023\/01\/tcamps3.jpg 1404w, https:\/\/kajakklubzlatorog.com\/wp-content\/uploads\/2023\/01\/tcamps3-600x611.jpg 600w, https:\/\/kajakklubzlatorog.com\/wp-content\/uploads\/2023\/01\/tcamps3-640x652.jpg 640w, https:\/\/kajakklubzlatorog.com\/wp-content\/uploads\/2023\/01\/tcamps3-1280x1304.jpg 1280w, https:\/\/kajakklubzlatorog.com\/wp-content\/uploads\/2023\/01\/tcamps3-768x782.jpg 768w, https:\/\/kajakklubzlatorog.com\/wp-content\/uploads\/2023\/01\/tcamps3-320x326.jpg 320w\" sizes=\"auto, (max-width: 1404px) 100vw, 1404px\" \/><\/span><\/div><\/div><\/div><\/div><\/div><\/div><\/div><!-- cell_inner --><\/div><!-- cell --><\/div><!-- port --><\/section>\n","protected":false},"excerpt":{"rendered":"<p>Fantasti\u010dni pogoji za ravne vode, obkro\u017eeni s \u010dudovito naravo<\/p>\n","protected":false},"author":1,"featured_media":4062,"parent":0,"menu_order":0,"comment_status":"closed","ping_status":"closed","template":"","meta":{"_monsterinsights_skip_tracking":false,"_monsterinsights_sitenote_active":false,"_monsterinsights_sitenote_note":"","_monsterinsights_sitenote_category":0,"footnotes":""},"class_list":["post-4295","page","type-page","status-publish","has-post-thumbnail","hentry"],"yoast_head":"<!-- This site is optimized with the Yoast SEO plugin v27.4 - https:\/\/yoast.com\/product\/yoast-seo-wordpress\/ -->\n<title>Priprave - Kajak Klub Zlatorog<\/title>\n<meta name=\"robots\" content=\"index, follow, max-snippet:-1, max-image-preview:large, max-video-preview:-1\" \/>\n<link rel=\"canonical\" href=\"https:\/\/kajakklubzlatorog.com\/sl\/tabori-za-usposabljanje\/\" \/>\n<meta property=\"og:locale\" content=\"sl_SI\" \/>\n<meta property=\"og:type\" content=\"article\" \/>\n<meta property=\"og:title\" content=\"Priprave - Kajak Klub Zlatorog\" \/>\n<meta property=\"og:description\" content=\"Fantasti\u010dni pogoji za ravne vode, obkro\u017eeni s \u010dudovito naravo\" \/>\n<meta property=\"og:url\" content=\"https:\/\/kajakklubzlatorog.com\/sl\/tabori-za-usposabljanje\/\" \/>\n<meta property=\"og:site_name\" content=\"Kajak Klub Zlatorog\" \/>\n<meta property=\"article:modified_time\" content=\"2024-02-08T19:25:53+00:00\" \/>\n<meta property=\"og:image\" content=\"https:\/\/kajakklubzlatorog.com\/wp-content\/uploads\/2023\/01\/tcamps4.jpg\" \/>\n\t<meta property=\"og:image:width\" content=\"1920\" \/>\n\t<meta property=\"og:image:height\" content=\"800\" \/>\n\t<meta property=\"og:image:type\" content=\"image\/jpeg\" \/>\n<meta name=\"twitter:card\" content=\"summary_large_image\" \/>\n<meta name=\"twitter:label1\" content=\"Est. reading time\" \/>\n\t<meta name=\"twitter:data1\" content=\"4 minute\" \/>\n<script type=\"application\/ld+json\" class=\"yoast-schema-graph\">{\"@context\":\"https:\\\/\\\/schema.org\",\"@graph\":[{\"@type\":\"WebPage\",\"@id\":\"https:\\\/\\\/kajakklubzlatorog.com\\\/sl\\\/tabori-za-usposabljanje\\\/\",\"url\":\"https:\\\/\\\/kajakklubzlatorog.com\\\/sl\\\/tabori-za-usposabljanje\\\/\",\"name\":\"Priprave - Kajak Klub Zlatorog\",\"isPartOf\":{\"@id\":\"https:\\\/\\\/kajakklubzlatorog.com\\\/sl\\\/#website\"},\"primaryImageOfPage\":{\"@id\":\"https:\\\/\\\/kajakklubzlatorog.com\\\/sl\\\/tabori-za-usposabljanje\\\/#primaryimage\"},\"image\":{\"@id\":\"https:\\\/\\\/kajakklubzlatorog.com\\\/sl\\\/tabori-za-usposabljanje\\\/#primaryimage\"},\"thumbnailUrl\":\"https:\\\/\\\/kajakklubzlatorog.com\\\/wp-content\\\/uploads\\\/2023\\\/01\\\/tcamps4.jpg\",\"datePublished\":\"2022-12-14T11:33:57+00:00\",\"dateModified\":\"2024-02-08T19:25:53+00:00\",\"breadcrumb\":{\"@id\":\"https:\\\/\\\/kajakklubzlatorog.com\\\/sl\\\/tabori-za-usposabljanje\\\/#breadcrumb\"},\"inLanguage\":\"sl-SI\",\"potentialAction\":[{\"@type\":\"ReadAction\",\"target\":[\"https:\\\/\\\/kajakklubzlatorog.com\\\/sl\\\/tabori-za-usposabljanje\\\/\"]}]},{\"@type\":\"ImageObject\",\"inLanguage\":\"sl-SI\",\"@id\":\"https:\\\/\\\/kajakklubzlatorog.com\\\/sl\\\/tabori-za-usposabljanje\\\/#primaryimage\",\"url\":\"https:\\\/\\\/kajakklubzlatorog.com\\\/wp-content\\\/uploads\\\/2023\\\/01\\\/tcamps4.jpg\",\"contentUrl\":\"https:\\\/\\\/kajakklubzlatorog.com\\\/wp-content\\\/uploads\\\/2023\\\/01\\\/tcamps4.jpg\",\"width\":1920,\"height\":800},{\"@type\":\"BreadcrumbList\",\"@id\":\"https:\\\/\\\/kajakklubzlatorog.com\\\/sl\\\/tabori-za-usposabljanje\\\/#breadcrumb\",\"itemListElement\":[{\"@type\":\"ListItem\",\"position\":1,\"name\":\"Home\",\"item\":\"https:\\\/\\\/kajakklubzlatorog.com\\\/sl\\\/domov\\\/\"},{\"@type\":\"ListItem\",\"position\":2,\"name\":\"Priprave\"}]},{\"@type\":\"WebSite\",\"@id\":\"https:\\\/\\\/kajakklubzlatorog.com\\\/sl\\\/#website\",\"url\":\"https:\\\/\\\/kajakklubzlatorog.com\\\/sl\\\/\",\"name\":\"Kajak Klub Zlatorog\",\"description\":\"Slovenian Flatwater Kayak Club\",\"potentialAction\":[{\"@type\":\"SearchAction\",\"target\":{\"@type\":\"EntryPoint\",\"urlTemplate\":\"https:\\\/\\\/kajakklubzlatorog.com\\\/sl\\\/?s={search_term_string}\"},\"query-input\":{\"@type\":\"PropertyValueSpecification\",\"valueRequired\":true,\"valueName\":\"search_term_string\"}}],\"inLanguage\":\"sl-SI\"}]}<\/script>\n<!-- \/ Yoast SEO plugin. -->","yoast_head_json":{"title":"Priprave - Kajak Klub Zlatorog","robots":{"index":"index","follow":"follow","max-snippet":"max-snippet:-1","max-image-preview":"max-image-preview:large","max-video-preview":"max-video-preview:-1"},"canonical":"https:\/\/kajakklubzlatorog.com\/sl\/tabori-za-usposabljanje\/","og_locale":"sl_SI","og_type":"article","og_title":"Priprave - Kajak Klub Zlatorog","og_description":"Fantasti\u010dni pogoji za ravne vode, obkro\u017eeni s \u010dudovito naravo","og_url":"https:\/\/kajakklubzlatorog.com\/sl\/tabori-za-usposabljanje\/","og_site_name":"Kajak Klub Zlatorog","article_modified_time":"2024-02-08T19:25:53+00:00","og_image":[{"width":1920,"height":800,"url":"https:\/\/kajakklubzlatorog.com\/wp-content\/uploads\/2023\/01\/tcamps4.jpg","type":"image\/jpeg"}],"twitter_card":"summary_large_image","twitter_misc":{"Est. reading time":"4 minute"},"schema":{"@context":"https:\/\/schema.org","@graph":[{"@type":"WebPage","@id":"https:\/\/kajakklubzlatorog.com\/sl\/tabori-za-usposabljanje\/","url":"https:\/\/kajakklubzlatorog.com\/sl\/tabori-za-usposabljanje\/","name":"Priprave - Kajak Klub Zlatorog","isPartOf":{"@id":"https:\/\/kajakklubzlatorog.com\/sl\/#website"},"primaryImageOfPage":{"@id":"https:\/\/kajakklubzlatorog.com\/sl\/tabori-za-usposabljanje\/#primaryimage"},"image":{"@id":"https:\/\/kajakklubzlatorog.com\/sl\/tabori-za-usposabljanje\/#primaryimage"},"thumbnailUrl":"https:\/\/kajakklubzlatorog.com\/wp-content\/uploads\/2023\/01\/tcamps4.jpg","datePublished":"2022-12-14T11:33:57+00:00","dateModified":"2024-02-08T19:25:53+00:00","breadcrumb":{"@id":"https:\/\/kajakklubzlatorog.com\/sl\/tabori-za-usposabljanje\/#breadcrumb"},"inLanguage":"sl-SI","potentialAction":[{"@type":"ReadAction","target":["https:\/\/kajakklubzlatorog.com\/sl\/tabori-za-usposabljanje\/"]}]},{"@type":"ImageObject","inLanguage":"sl-SI","@id":"https:\/\/kajakklubzlatorog.com\/sl\/tabori-za-usposabljanje\/#primaryimage","url":"https:\/\/kajakklubzlatorog.com\/wp-content\/uploads\/2023\/01\/tcamps4.jpg","contentUrl":"https:\/\/kajakklubzlatorog.com\/wp-content\/uploads\/2023\/01\/tcamps4.jpg","width":1920,"height":800},{"@type":"BreadcrumbList","@id":"https:\/\/kajakklubzlatorog.com\/sl\/tabori-za-usposabljanje\/#breadcrumb","itemListElement":[{"@type":"ListItem","position":1,"name":"Home","item":"https:\/\/kajakklubzlatorog.com\/sl\/domov\/"},{"@type":"ListItem","position":2,"name":"Priprave"}]},{"@type":"WebSite","@id":"https:\/\/kajakklubzlatorog.com\/sl\/#website","url":"https:\/\/kajakklubzlatorog.com\/sl\/","name":"Kajak Klub Zlatorog","description":"Slovenian Flatwater Kayak Club","potentialAction":[{"@type":"SearchAction","target":{"@type":"EntryPoint","urlTemplate":"https:\/\/kajakklubzlatorog.com\/sl\/?s={search_term_string}"},"query-input":{"@type":"PropertyValueSpecification","valueRequired":true,"valueName":"search_term_string"}}],"inLanguage":"sl-SI"}]}},"_links":{"self":[{"href":"https:\/\/kajakklubzlatorog.com\/sl\/wp-json\/wp\/v2\/pages\/4295","targetHints":{"allow":["GET"]}}],"collection":[{"href":"https:\/\/kajakklubzlatorog.com\/sl\/wp-json\/wp\/v2\/pages"}],"about":[{"href":"https:\/\/kajakklubzlatorog.com\/sl\/wp-json\/wp\/v2\/types\/page"}],"author":[{"embeddable":true,"href":"https:\/\/kajakklubzlatorog.com\/sl\/wp-json\/wp\/v2\/users\/1"}],"replies":[{"embeddable":true,"href":"https:\/\/kajakklubzlatorog.com\/sl\/wp-json\/wp\/v2\/comments?post=4295"}],"version-history":[{"count":5,"href":"https:\/\/kajakklubzlatorog.com\/sl\/wp-json\/wp\/v2\/pages\/4295\/revisions"}],"predecessor-version":[{"id":4599,"href":"https:\/\/kajakklubzlatorog.com\/sl\/wp-json\/wp\/v2\/pages\/4295\/revisions\/4599"}],"wp:featuredmedia":[{"embeddable":true,"href":"https:\/\/kajakklubzlatorog.com\/sl\/wp-json\/wp\/v2\/media\/4062"}],"wp:attachment":[{"href":"https:\/\/kajakklubzlatorog.com\/sl\/wp-json\/wp\/v2\/media?parent=4295"}],"curies":[{"name":"wp","href":"https:\/\/api.w.org\/{rel}","templated":true}]}}