{"id":4322,"date":"2022-12-14T11:27:35","date_gmt":"2022-12-14T11:27:35","guid":{"rendered":"https:\/\/kajakklubzlatorog.com\/zimski-kajakaski-tabor\/"},"modified":"2024-02-08T10:49:19","modified_gmt":"2024-02-08T10:49:19","slug":"zimski-kajakaski-tabor","status":"publish","type":"page","link":"https:\/\/kajakklubzlatorog.com\/sl\/zimski-kajakaski-tabor\/","title":{"rendered":"Zimski kajaka\u0161ki tabor"},"content":{"rendered":"<p><section id=\"bt_bb_section69ea459c80c4a\" class=\"bt_bb_section bt_bb_color_scheme_2 bt_bb_layout_boxed_1200 bt_bb_vertical_align_top\" style=\"; --section-primary-color:#191919; --section-secondary-color:#ffffff;\" data-bt-override-class=\"null\"><div class=\"bt_bb_port\"><div class=\"bt_bb_cell\"><div class=\"bt_bb_cell_inner\"><div class=\"bt_bb_row \"  data-bt-override-class=\"{}\"><div class=\"bt_bb_row_holder\" ><div  class=\"bt_bb_column col-xxl-6 col-xl-6 col-xs-12 col-sm-6 col-md-6 col-lg-6 bt_bb_vertical_align_middle bt_bb_align_left bt_bb_padding_normal bt_bb_animation_fade_in animate\" style=\"; --column-width:6;\" data-width=\"6\" data-bt-override-class=\"{}\"><div class=\"bt_bb_column_content\"><div class=\"bt_bb_column_content_inner\"><div class=\"bt_bb_separator bt_bb_border_style_none bt_bb_top_spacing_none bt_bb_bottom_spacing_medium\" data-bt-override-class=\"{&quot;bt_bb_top_spacing_&quot;:{&quot;current_class&quot;:&quot;bt_bb_top_spacing_none&quot;,&quot;def&quot;:&quot;none&quot;,&quot;xl&quot;:&quot;none&quot;},&quot;bt_bb_bottom_spacing_&quot;:{&quot;current_class&quot;:&quot;bt_bb_bottom_spacing_medium&quot;,&quot;def&quot;:&quot;medium&quot;,&quot;xl&quot;:&quot;medium&quot;}}\"><\/div><header class=\"bt_bb_headline bt_bb_font_weight_light bt_bb_color_scheme_5 bt_bb_dash_none bt_bb_size_large bt_bb_align_inherit\" style=\"; --primary-color:#191919; --secondary-color:#50b230;\" data-bt-override-class=\"{&quot;bt_bb_size_&quot;:{&quot;current_class&quot;:&quot;bt_bb_size_large&quot;,&quot;def&quot;:&quot;large&quot;,&quot;xl&quot;:&quot;large&quot;},&quot;bt_bb_align_&quot;:{&quot;current_class&quot;:&quot;bt_bb_align_inherit&quot;,&quot;def&quot;:&quot;inherit&quot;,&quot;xl&quot;:&quot;inherit&quot;}}\"><h2 class=\"bt_bb_headline_tag\"><span class=\"bt_bb_headline_content\"><span><strong>CABRAS, SARDINIJA<\/strong><br \/><br \/>\n<\/span><\/span><\/h2><\/header><div class=\"bt_bb_separator bt_bb_border_style_none bt_bb_top_spacing_none bt_bb_bottom_spacing_normal\" data-bt-override-class=\"{&quot;bt_bb_top_spacing_&quot;:{&quot;current_class&quot;:&quot;bt_bb_top_spacing_none&quot;,&quot;def&quot;:&quot;none&quot;,&quot;xl&quot;:&quot;none&quot;},&quot;bt_bb_bottom_spacing_&quot;:{&quot;current_class&quot;:&quot;bt_bb_bottom_spacing_normal&quot;,&quot;def&quot;:&quot;normal&quot;,&quot;xl&quot;:&quot;normal&quot;}}\"><\/div><div  class=\"bt_bb_text\" ><\/p>\n<h4>OD 6. DO 11. FEBRUARJA 2023<\/h4>\n<p><strong>ZA OTROKE OD 9 DO 14 LET<\/strong><\/p>\n<p>\n<\/div><div class=\"bt_bb_separator bt_bb_border_style_none bt_bb_top_spacing_none bt_bb_bottom_spacing_normal\" data-bt-override-class=\"{&quot;bt_bb_top_spacing_&quot;:{&quot;current_class&quot;:&quot;bt_bb_top_spacing_none&quot;,&quot;def&quot;:&quot;none&quot;,&quot;xl&quot;:&quot;none&quot;},&quot;bt_bb_bottom_spacing_&quot;:{&quot;current_class&quot;:&quot;bt_bb_bottom_spacing_normal&quot;,&quot;def&quot;:&quot;normal&quot;,&quot;xl&quot;:&quot;normal&quot;}}\"><\/div><div  class=\"bt_bb_text\" ><\/p>\n<p>Februarja 2023 je KKZ v sodelovanju s klubom <a href=\"https:\/\/www.facebook.com\/profile.php?id=100063632705275\" target=\"_blank\" rel=\"noopener\">Circolo Nautico Orsitano<\/a> v Cabrasu na Sardiniji organizirala svoj prvi mednarodni trening kamp.<\/p>\n<p>CNO se pona\u0161a s toplim podnebjem in mirnimi vodami, zato je 7 mladim kajaka\u0161icam ponudil prilo\u017enost, da se na za\u010detku sezone vrnejo na vodo, se pove\u017eejo z vesla\u010di iz tujine, sklenejo nova prijateljstva in spoznajo razli\u010dne kulture. Otroci so bivali v apartmaju in pomagali pri pripravi hrane in \u010di\u0161\u010denju.<\/p>\n<p>Za kritje stro\u0161kov tabora je dru\u017eina KKZ prodajala dobrodelne koledarje. Vsem, ki ste podprli to akcijo, smo izredno hvale\u017eni!<\/p>\n<p>\n<\/div><div class=\"bt_bb_separator bt_bb_border_style_none bt_bb_top_spacing_none bt_bb_bottom_spacing_small\" data-bt-override-class=\"{&quot;bt_bb_top_spacing_&quot;:{&quot;current_class&quot;:&quot;bt_bb_top_spacing_none&quot;,&quot;def&quot;:&quot;none&quot;,&quot;xl&quot;:&quot;none&quot;},&quot;bt_bb_bottom_spacing_&quot;:{&quot;current_class&quot;:&quot;bt_bb_bottom_spacing_small&quot;,&quot;def&quot;:&quot;small&quot;,&quot;xl&quot;:&quot;small&quot;,&quot;sm&quot;:&quot;medium&quot;,&quot;xs&quot;:&quot;medium&quot;}}\"><\/div><\/div><\/div><\/div><div  class=\"bt_bb_column col-xxl-6 col-xl-6 col-xs-12 col-sm-6 col-md-6 col-lg-6 bt_bb_vertical_align_top bt_bb_align_left bt_bb_padding_normal\" style=\"; --column-width:6;\" data-width=\"6\" data-bt-override-class=\"{&quot;bt_bb_align_&quot;:{&quot;current_class&quot;:&quot;bt_bb_align_left&quot;,&quot;def&quot;:&quot;left&quot;,&quot;xl&quot;:&quot;left&quot;},&quot;bt_bb_padding_&quot;:{&quot;current_class&quot;:&quot;bt_bb_padding_normal&quot;,&quot;def&quot;:&quot;normal&quot;,&quot;xl&quot;:&quot;normal&quot;}}\"><div class=\"bt_bb_column_content\"><div class=\"bt_bb_column_content_inner\"><div class=\"bt_bb_separator bt_bb_border_style_none bt_bb_top_spacing_none bt_bb_bottom_spacing_medium\" data-bt-override-class=\"{&quot;bt_bb_top_spacing_&quot;:{&quot;current_class&quot;:&quot;bt_bb_top_spacing_none&quot;,&quot;def&quot;:&quot;none&quot;,&quot;xl&quot;:&quot;none&quot;},&quot;bt_bb_bottom_spacing_&quot;:{&quot;current_class&quot;:&quot;bt_bb_bottom_spacing_medium&quot;,&quot;def&quot;:&quot;medium&quot;,&quot;xl&quot;:&quot;medium&quot;,&quot;sm&quot;:&quot;none&quot;,&quot;xs&quot;:&quot;none&quot;}}\"><\/div><div class=\"bt_bb_image bt_bb_shape_square bt_bb_target_self bt_bb_align_inherit bt_bb_hover_style_simple bt_bb_content_display_always bt_bb_content_align_middle\" data-bt-override-class=\"{&quot;bt_bb_align_&quot;:{&quot;current_class&quot;:&quot;bt_bb_align_inherit&quot;,&quot;def&quot;:&quot;inherit&quot;,&quot;xl&quot;:&quot;inherit&quot;}}\"><span><img loading=\"lazy\" decoding=\"async\" width=\"800\" height=\"851\" src=\"https:\/\/kajakklubzlatorog.com\/wp-content\/uploads\/2023\/02\/camp-2.jpg\" class=\"attachment-full size-full\" alt=\"https:\/\/kajakklubzlatorog.com\/wp-content\/uploads\/2023\/02\/camp-2.jpg\" data-full_image_src=\"https:\/\/kajakklubzlatorog.com\/wp-content\/uploads\/2023\/02\/camp-2.jpg\" title=\"camp-2\" srcset=\"https:\/\/kajakklubzlatorog.com\/wp-content\/uploads\/2023\/02\/camp-2.jpg 800w, https:\/\/kajakklubzlatorog.com\/wp-content\/uploads\/2023\/02\/camp-2-640x681.jpg 640w, https:\/\/kajakklubzlatorog.com\/wp-content\/uploads\/2023\/02\/camp-2-768x817.jpg 768w, https:\/\/kajakklubzlatorog.com\/wp-content\/uploads\/2023\/02\/camp-2-320x340.jpg 320w, https:\/\/kajakklubzlatorog.com\/wp-content\/uploads\/2023\/02\/camp-2-600x638.jpg 600w\" sizes=\"auto, (max-width: 800px) 100vw, 800px\" \/><\/span><\/div><\/div><\/div><\/div><\/div><\/div><\/div><!-- cell_inner --><\/div><!-- cell --><\/div><!-- port --><\/section><section id=\"bt_bb_section69ea459c8126f\" class=\"bt_bb_section bt_bb_color_scheme_2 bt_bb_layout_boxed_1200 bt_bb_vertical_align_top bt_bb_top_spacing_none bt_bb_bottom_spacing_none\" style=\"; --section-primary-color:#191919; --section-secondary-color:#ffffff;\" data-bt-override-class=\"{&quot;bt_bb_top_spacing_&quot;:{&quot;current_class&quot;:&quot;bt_bb_top_spacing_none&quot;,&quot;def&quot;:&quot;none&quot;,&quot;xl&quot;:&quot;none&quot;},&quot;bt_bb_bottom_spacing_&quot;:{&quot;current_class&quot;:&quot;bt_bb_bottom_spacing_none&quot;,&quot;def&quot;:&quot;none&quot;,&quot;xl&quot;:&quot;none&quot;}}\"><div class=\"bt_bb_port\"><div class=\"bt_bb_cell\"><div class=\"bt_bb_cell_inner\"><div class=\"bt_bb_row \"  data-bt-override-class=\"{}\"><div class=\"bt_bb_row_holder\" ><div  class=\"bt_bb_column col-xxl-6 col-xl-6 col-xs-12 col-sm-6 col-md-6 col-lg-6 bt_bb_vertical_align_top bt_bb_align_left bt_bb_padding_normal\" style=\"; --column-width:6;\" data-width=\"6\" data-bt-override-class=\"{}\"><div class=\"bt_bb_column_content\"><div class=\"bt_bb_column_content_inner\"><div class=\"bt_bb_image bt_bb_shape_square bt_bb_target_self bt_bb_align_inherit bt_bb_hover_style_simple bt_bb_content_display_always bt_bb_content_align_middle\" data-bt-override-class=\"{&quot;bt_bb_align_&quot;:{&quot;current_class&quot;:&quot;bt_bb_align_inherit&quot;,&quot;def&quot;:&quot;inherit&quot;,&quot;xl&quot;:&quot;inherit&quot;}}\"><span><img loading=\"lazy\" decoding=\"async\" width=\"665\" height=\"1220\" src=\"https:\/\/kajakklubzlatorog.com\/wp-content\/uploads\/2023\/02\/Sardinia-Camp-5.jpg\" class=\"attachment-large size-large\" alt=\"https:\/\/kajakklubzlatorog.com\/wp-content\/uploads\/2023\/02\/Sardinia-Camp-5.jpg\" data-full_image_src=\"https:\/\/kajakklubzlatorog.com\/wp-content\/uploads\/2023\/02\/Sardinia-Camp-5.jpg\" title=\"Sardinia-Camp-5\" srcset=\"https:\/\/kajakklubzlatorog.com\/wp-content\/uploads\/2023\/02\/Sardinia-Camp-5.jpg 665w, https:\/\/kajakklubzlatorog.com\/wp-content\/uploads\/2023\/02\/Sardinia-Camp-5-640x1174.jpg 640w, https:\/\/kajakklubzlatorog.com\/wp-content\/uploads\/2023\/02\/Sardinia-Camp-5-320x587.jpg 320w, https:\/\/kajakklubzlatorog.com\/wp-content\/uploads\/2023\/02\/Sardinia-Camp-5-600x1101.jpg 600w\" sizes=\"auto, (max-width: 665px) 100vw, 665px\" \/><\/span><\/div><div class=\"bt_bb_separator bt_bb_border_style_none bt_bb_top_spacing_none bt_bb_bottom_spacing_medium\" data-bt-override-class=\"{&quot;bt_bb_top_spacing_&quot;:{&quot;current_class&quot;:&quot;bt_bb_top_spacing_none&quot;,&quot;def&quot;:&quot;none&quot;,&quot;xl&quot;:&quot;none&quot;},&quot;bt_bb_bottom_spacing_&quot;:{&quot;current_class&quot;:&quot;bt_bb_bottom_spacing_medium&quot;,&quot;def&quot;:&quot;medium&quot;,&quot;xl&quot;:&quot;medium&quot;}}\"><\/div><\/div><\/div><\/div><div  class=\"bt_bb_column col-xxl-6 col-xl-6 col-xs-12 col-sm-6 col-md-6 col-lg-6 bt_bb_vertical_align_top bt_bb_align_left bt_bb_padding_normal\" style=\"; --column-width:6;\" data-width=\"6\" data-bt-override-class=\"{}\"><div class=\"bt_bb_column_content\"><div class=\"bt_bb_column_content_inner\"><div class=\"bt_bb_separator bt_bb_border_style_none bt_bb_top_spacing_none bt_bb_bottom_spacing_large\" data-bt-override-class=\"{&quot;bt_bb_top_spacing_&quot;:{&quot;current_class&quot;:&quot;bt_bb_top_spacing_none&quot;,&quot;def&quot;:&quot;none&quot;,&quot;xl&quot;:&quot;none&quot;},&quot;bt_bb_bottom_spacing_&quot;:{&quot;current_class&quot;:&quot;bt_bb_bottom_spacing_large&quot;,&quot;def&quot;:&quot;large&quot;,&quot;xl&quot;:&quot;large&quot;}}\"><\/div><div  class=\"bt_bb_text\" ><\/p>\n<h4>DEJAVNOSTI<\/h4>\n<p><b>6 AKCIJSKIH DNI ZABAVE IN TRDEGA DELA<\/b><\/p>\n<p>\n<\/div><div class=\"bt_bb_separator bt_bb_border_style_none bt_bb_top_spacing_none bt_bb_bottom_spacing_normal\" data-bt-override-class=\"{&quot;bt_bb_top_spacing_&quot;:{&quot;current_class&quot;:&quot;bt_bb_top_spacing_none&quot;,&quot;def&quot;:&quot;none&quot;,&quot;xl&quot;:&quot;none&quot;},&quot;bt_bb_bottom_spacing_&quot;:{&quot;current_class&quot;:&quot;bt_bb_bottom_spacing_normal&quot;,&quot;def&quot;:&quot;normal&quot;,&quot;xl&quot;:&quot;normal&quot;}}\"><\/div><div  class=\"bt_bb_text\" ><\/p>\n<p><strong>1. dan<\/strong><\/p>\n<ul>\n<li style=\"font-weight: 400;\" aria-level=\"1\"><span style=\"font-weight: 400;\">Potovanje + trening v vodi<\/span><\/li>\n<\/ul>\n<p><strong>2. dan <\/strong><\/p>\n<ul>\n<li style=\"font-weight: 400;\" aria-level=\"1\"><span style=\"font-weight: 400;\">Tehni\u010dni trening na kopnem<\/span><\/li>\n<li style=\"font-weight: 400;\" aria-level=\"1\"><span style=\"font-weight: 400;\">Jutranji trening v vodi <\/span><\/li>\n<li style=\"font-weight: 400;\" aria-level=\"1\"><span style=\"font-weight: 400;\">Popoldanski trening v ekipnih \u010dolnih<\/span><\/li>\n<\/ul>\n<p><strong>3. dan <\/strong><\/p>\n<ul>\n<li style=\"font-weight: 400;\" aria-level=\"1\"><span style=\"font-weight: 400;\">Izlet &#8211; Jahanje v <a href=\"https:\/\/www.instagram.com\/alabirdiequicentersrlssd\/\" target=\"_blank\" rel=\"noopener\">konjeni\u0161kem centru Ala Birdi<\/a><\/span><\/li>\n<li style=\"font-weight: 400;\" aria-level=\"1\"><span style=\"font-weight: 400;\">Do\u017eivetje Wild Flamingo<\/span><\/li>\n<li style=\"font-weight: 400;\" aria-level=\"1\"><span style=\"font-weight: 400;\">Popoldanski trening v vodi <\/span><\/li>\n<\/ul>\n<p><strong>4. dan <\/strong><\/p>\n<ul>\n<li style=\"font-weight: 400;\" aria-level=\"1\"><span style=\"font-weight: 400;\">Izlet &#8211; arheolo\u0161ko najdi\u0161\u010de Tharros<\/span><\/li>\n<li style=\"font-weight: 400;\" aria-level=\"1\"><span style=\"font-weight: 400;\">Popoldanski trening v vodi<\/span><\/li>\n<\/ul>\n<p><strong>5. dan <\/strong><\/p>\n<ul>\n<li style=\"font-weight: 400;\" aria-level=\"1\"><span style=\"font-weight: 400;\">Trening za mo\u010d<\/span><\/li>\n<li style=\"font-weight: 400;\" aria-level=\"1\"><span style=\"font-weight: 400;\">Obisk \u0161ole &#8211; Osnovna \u0161ola Cabras<\/span><\/li>\n<li style=\"font-weight: 400;\" aria-level=\"1\"><span style=\"font-weight: 400;\">Obisk ponija s tradicionalno no\u0161o Sartiglia<\/span><\/li>\n<li style=\"font-weight: 400;\" aria-level=\"1\"><span style=\"font-weight: 400;\">Popoldanski trening v vodi<\/span><\/li>\n<li style=\"font-weight: 400;\" aria-level=\"1\"><span style=\"font-weight: 400;\">Ve\u010der &#8211; medgeneracijska dejavnost: Tradicionalni sardinski ples v <a href=\"https:\/\/www.facebook.com\/asddreamdance2017\" target=\"_blank\" rel=\"noopener\">ASD Dream Dance Cabras<\/a><\/span><\/li>\n<\/ul>\n<p><span style=\"font-weight: 400;\"><strong>6. dan<\/strong> <\/span><\/p>\n<ul>\n<li style=\"font-weight: 400;\" aria-level=\"1\"><span style=\"font-weight: 400;\">Jutranje \u010di\u0161\u010denje pla\u017ee &#8211; Torre Grande<\/span><\/li>\n<li style=\"font-weight: 400;\" aria-level=\"1\"><span style=\"font-weight: 400;\">Izlet v sredi\u0161\u010de mesta Oristano<\/span><\/li>\n<li style=\"font-weight: 400;\" aria-level=\"1\"><span style=\"font-weight: 400;\">Trening na vodi <\/span><\/li>\n<li style=\"font-weight: 400;\" aria-level=\"1\"><span style=\"font-weight: 400;\">Nasvidenje CNO + potovanje<\/span><\/li>\n<\/ul>\n<p>\n<\/div><div class=\"bt_bb_separator bt_bb_border_style_none bt_bb_top_spacing_none bt_bb_bottom_spacing_large\" data-bt-override-class=\"{&quot;bt_bb_top_spacing_&quot;:{&quot;current_class&quot;:&quot;bt_bb_top_spacing_none&quot;,&quot;def&quot;:&quot;none&quot;,&quot;xl&quot;:&quot;none&quot;},&quot;bt_bb_bottom_spacing_&quot;:{&quot;current_class&quot;:&quot;bt_bb_bottom_spacing_large&quot;,&quot;def&quot;:&quot;large&quot;,&quot;xl&quot;:&quot;large&quot;}}\"><\/div><\/div><\/div><\/div><\/div><\/div><\/div><!-- cell_inner --><\/div><!-- cell --><\/div><!-- port --><\/section><\/p>\n","protected":false},"excerpt":{"rendered":"<p>Nepozaben zimski tabor za otroke z na\u0161imi kajaka\u0161kimi italijanskimi prijatelji<\/p>\n","protected":false},"author":1,"featured_media":3977,"parent":0,"menu_order":0,"comment_status":"closed","ping_status":"closed","template":"","meta":{"_monsterinsights_skip_tracking":false,"_monsterinsights_sitenote_active":false,"_monsterinsights_sitenote_note":"","_monsterinsights_sitenote_category":0,"footnotes":""},"class_list":["post-4322","page","type-page","status-publish","has-post-thumbnail","hentry"],"yoast_head":"<!-- This site is optimized with the Yoast SEO plugin v27.4 - https:\/\/yoast.com\/product\/yoast-seo-wordpress\/ -->\n<title>Zimski kajaka\u0161ki tabor - Kajak Klub Zlatorog<\/title>\n<meta name=\"robots\" content=\"index, follow, max-snippet:-1, max-image-preview:large, max-video-preview:-1\" \/>\n<link rel=\"canonical\" href=\"https:\/\/kajakklubzlatorog.com\/sl\/zimski-kajakaski-tabor\/\" \/>\n<meta property=\"og:locale\" content=\"sl_SI\" \/>\n<meta property=\"og:type\" content=\"article\" \/>\n<meta property=\"og:title\" content=\"Zimski kajaka\u0161ki tabor - Kajak Klub Zlatorog\" \/>\n<meta property=\"og:description\" content=\"Nepozaben zimski tabor za otroke z na\u0161imi kajaka\u0161kimi italijanskimi prijatelji\" \/>\n<meta property=\"og:url\" content=\"https:\/\/kajakklubzlatorog.com\/sl\/zimski-kajakaski-tabor\/\" \/>\n<meta property=\"og:site_name\" content=\"Kajak Klub Zlatorog\" \/>\n<meta property=\"article:modified_time\" content=\"2024-02-08T10:49:19+00:00\" \/>\n<meta property=\"og:image\" content=\"https:\/\/kajakklubzlatorog.com\/wp-content\/uploads\/2023\/01\/sardinia3.jpg\" \/>\n\t<meta property=\"og:image:width\" content=\"1920\" \/>\n\t<meta property=\"og:image:height\" content=\"800\" \/>\n\t<meta property=\"og:image:type\" content=\"image\/jpeg\" \/>\n<meta name=\"twitter:card\" content=\"summary_large_image\" \/>\n<meta name=\"twitter:label1\" content=\"Est. reading time\" \/>\n\t<meta name=\"twitter:data1\" content=\"3 minute\" \/>\n<script type=\"application\/ld+json\" class=\"yoast-schema-graph\">{\"@context\":\"https:\\\/\\\/schema.org\",\"@graph\":[{\"@type\":\"WebPage\",\"@id\":\"https:\\\/\\\/kajakklubzlatorog.com\\\/sl\\\/zimski-kajakaski-tabor\\\/\",\"url\":\"https:\\\/\\\/kajakklubzlatorog.com\\\/sl\\\/zimski-kajakaski-tabor\\\/\",\"name\":\"Zimski kajaka\u0161ki tabor - Kajak Klub Zlatorog\",\"isPartOf\":{\"@id\":\"https:\\\/\\\/kajakklubzlatorog.com\\\/sl\\\/#website\"},\"primaryImageOfPage\":{\"@id\":\"https:\\\/\\\/kajakklubzlatorog.com\\\/sl\\\/zimski-kajakaski-tabor\\\/#primaryimage\"},\"image\":{\"@id\":\"https:\\\/\\\/kajakklubzlatorog.com\\\/sl\\\/zimski-kajakaski-tabor\\\/#primaryimage\"},\"thumbnailUrl\":\"https:\\\/\\\/kajakklubzlatorog.com\\\/wp-content\\\/uploads\\\/2023\\\/01\\\/sardinia3.jpg\",\"datePublished\":\"2022-12-14T11:27:35+00:00\",\"dateModified\":\"2024-02-08T10:49:19+00:00\",\"breadcrumb\":{\"@id\":\"https:\\\/\\\/kajakklubzlatorog.com\\\/sl\\\/zimski-kajakaski-tabor\\\/#breadcrumb\"},\"inLanguage\":\"sl-SI\",\"potentialAction\":[{\"@type\":\"ReadAction\",\"target\":[\"https:\\\/\\\/kajakklubzlatorog.com\\\/sl\\\/zimski-kajakaski-tabor\\\/\"]}]},{\"@type\":\"ImageObject\",\"inLanguage\":\"sl-SI\",\"@id\":\"https:\\\/\\\/kajakklubzlatorog.com\\\/sl\\\/zimski-kajakaski-tabor\\\/#primaryimage\",\"url\":\"https:\\\/\\\/kajakklubzlatorog.com\\\/wp-content\\\/uploads\\\/2023\\\/01\\\/sardinia3.jpg\",\"contentUrl\":\"https:\\\/\\\/kajakklubzlatorog.com\\\/wp-content\\\/uploads\\\/2023\\\/01\\\/sardinia3.jpg\",\"width\":1920,\"height\":800},{\"@type\":\"BreadcrumbList\",\"@id\":\"https:\\\/\\\/kajakklubzlatorog.com\\\/sl\\\/zimski-kajakaski-tabor\\\/#breadcrumb\",\"itemListElement\":[{\"@type\":\"ListItem\",\"position\":1,\"name\":\"Home\",\"item\":\"https:\\\/\\\/kajakklubzlatorog.com\\\/sl\\\/domov\\\/\"},{\"@type\":\"ListItem\",\"position\":2,\"name\":\"Zimski kajaka\u0161ki tabor\"}]},{\"@type\":\"WebSite\",\"@id\":\"https:\\\/\\\/kajakklubzlatorog.com\\\/sl\\\/#website\",\"url\":\"https:\\\/\\\/kajakklubzlatorog.com\\\/sl\\\/\",\"name\":\"Kajak Klub Zlatorog\",\"description\":\"Slovenian Flatwater Kayak Club\",\"potentialAction\":[{\"@type\":\"SearchAction\",\"target\":{\"@type\":\"EntryPoint\",\"urlTemplate\":\"https:\\\/\\\/kajakklubzlatorog.com\\\/sl\\\/?s={search_term_string}\"},\"query-input\":{\"@type\":\"PropertyValueSpecification\",\"valueRequired\":true,\"valueName\":\"search_term_string\"}}],\"inLanguage\":\"sl-SI\"}]}<\/script>\n<!-- \/ Yoast SEO plugin. -->","yoast_head_json":{"title":"Zimski kajaka\u0161ki tabor - Kajak Klub Zlatorog","robots":{"index":"index","follow":"follow","max-snippet":"max-snippet:-1","max-image-preview":"max-image-preview:large","max-video-preview":"max-video-preview:-1"},"canonical":"https:\/\/kajakklubzlatorog.com\/sl\/zimski-kajakaski-tabor\/","og_locale":"sl_SI","og_type":"article","og_title":"Zimski kajaka\u0161ki tabor - Kajak Klub Zlatorog","og_description":"Nepozaben zimski tabor za otroke z na\u0161imi kajaka\u0161kimi italijanskimi prijatelji","og_url":"https:\/\/kajakklubzlatorog.com\/sl\/zimski-kajakaski-tabor\/","og_site_name":"Kajak Klub Zlatorog","article_modified_time":"2024-02-08T10:49:19+00:00","og_image":[{"width":1920,"height":800,"url":"https:\/\/kajakklubzlatorog.com\/wp-content\/uploads\/2023\/01\/sardinia3.jpg","type":"image\/jpeg"}],"twitter_card":"summary_large_image","twitter_misc":{"Est. reading time":"3 minute"},"schema":{"@context":"https:\/\/schema.org","@graph":[{"@type":"WebPage","@id":"https:\/\/kajakklubzlatorog.com\/sl\/zimski-kajakaski-tabor\/","url":"https:\/\/kajakklubzlatorog.com\/sl\/zimski-kajakaski-tabor\/","name":"Zimski kajaka\u0161ki tabor - Kajak Klub Zlatorog","isPartOf":{"@id":"https:\/\/kajakklubzlatorog.com\/sl\/#website"},"primaryImageOfPage":{"@id":"https:\/\/kajakklubzlatorog.com\/sl\/zimski-kajakaski-tabor\/#primaryimage"},"image":{"@id":"https:\/\/kajakklubzlatorog.com\/sl\/zimski-kajakaski-tabor\/#primaryimage"},"thumbnailUrl":"https:\/\/kajakklubzlatorog.com\/wp-content\/uploads\/2023\/01\/sardinia3.jpg","datePublished":"2022-12-14T11:27:35+00:00","dateModified":"2024-02-08T10:49:19+00:00","breadcrumb":{"@id":"https:\/\/kajakklubzlatorog.com\/sl\/zimski-kajakaski-tabor\/#breadcrumb"},"inLanguage":"sl-SI","potentialAction":[{"@type":"ReadAction","target":["https:\/\/kajakklubzlatorog.com\/sl\/zimski-kajakaski-tabor\/"]}]},{"@type":"ImageObject","inLanguage":"sl-SI","@id":"https:\/\/kajakklubzlatorog.com\/sl\/zimski-kajakaski-tabor\/#primaryimage","url":"https:\/\/kajakklubzlatorog.com\/wp-content\/uploads\/2023\/01\/sardinia3.jpg","contentUrl":"https:\/\/kajakklubzlatorog.com\/wp-content\/uploads\/2023\/01\/sardinia3.jpg","width":1920,"height":800},{"@type":"BreadcrumbList","@id":"https:\/\/kajakklubzlatorog.com\/sl\/zimski-kajakaski-tabor\/#breadcrumb","itemListElement":[{"@type":"ListItem","position":1,"name":"Home","item":"https:\/\/kajakklubzlatorog.com\/sl\/domov\/"},{"@type":"ListItem","position":2,"name":"Zimski kajaka\u0161ki tabor"}]},{"@type":"WebSite","@id":"https:\/\/kajakklubzlatorog.com\/sl\/#website","url":"https:\/\/kajakklubzlatorog.com\/sl\/","name":"Kajak Klub Zlatorog","description":"Slovenian Flatwater Kayak Club","potentialAction":[{"@type":"SearchAction","target":{"@type":"EntryPoint","urlTemplate":"https:\/\/kajakklubzlatorog.com\/sl\/?s={search_term_string}"},"query-input":{"@type":"PropertyValueSpecification","valueRequired":true,"valueName":"search_term_string"}}],"inLanguage":"sl-SI"}]}},"_links":{"self":[{"href":"https:\/\/kajakklubzlatorog.com\/sl\/wp-json\/wp\/v2\/pages\/4322","targetHints":{"allow":["GET"]}}],"collection":[{"href":"https:\/\/kajakklubzlatorog.com\/sl\/wp-json\/wp\/v2\/pages"}],"about":[{"href":"https:\/\/kajakklubzlatorog.com\/sl\/wp-json\/wp\/v2\/types\/page"}],"author":[{"embeddable":true,"href":"https:\/\/kajakklubzlatorog.com\/sl\/wp-json\/wp\/v2\/users\/1"}],"replies":[{"embeddable":true,"href":"https:\/\/kajakklubzlatorog.com\/sl\/wp-json\/wp\/v2\/comments?post=4322"}],"version-history":[{"count":8,"href":"https:\/\/kajakklubzlatorog.com\/sl\/wp-json\/wp\/v2\/pages\/4322\/revisions"}],"predecessor-version":[{"id":4576,"href":"https:\/\/kajakklubzlatorog.com\/sl\/wp-json\/wp\/v2\/pages\/4322\/revisions\/4576"}],"wp:featuredmedia":[{"embeddable":true,"href":"https:\/\/kajakklubzlatorog.com\/sl\/wp-json\/wp\/v2\/media\/3977"}],"wp:attachment":[{"href":"https:\/\/kajakklubzlatorog.com\/sl\/wp-json\/wp\/v2\/media?parent=4322"}],"curies":[{"name":"wp","href":"https:\/\/api.w.org\/{rel}","templated":true}]}}